{"id":1500,"date":"2021-04-28T14:18:16","date_gmt":"2021-04-28T14:18:16","guid":{"rendered":"https:\/\/www.prozirkula.ch\/actualites\/"},"modified":"2026-01-07T13:46:41","modified_gmt":"2026-01-07T13:46:41","slug":"actualites","status":"publish","type":"page","link":"https:\/\/prozirkula.ch\/fr\/actualites\/","title":{"rendered":"\u00c9v\u00e9nements"},"content":{"rendered":"<p>[et_pb_section fb_built=\u00a0\u00bb1&Prime; custom_padding_last_edited=\u00a0\u00bbon|tablet\u00a0\u00bb _builder_version=\u00a0\u00bb4.27.4&Prime; _module_preset=\u00a0\u00bbdefault\u00a0\u00bb background_image=\u00a0\u00bbhttps:\/\/prozirkula.ch\/wp-content\/uploads\/2025\/10\/AR-Baubehoerdentagung-2023-1-e1701686464908-2-scaled.jpg\u00a0\u00bb height=\u00a0\u00bb300px\u00a0\u00bb custom_padding=\u00a0\u00bb200px||0px|||\u00a0\u00bb custom_padding_tablet=\u00a0\u00bb100px||||false|false\u00a0\u00bb custom_padding_phone=\u00a0\u00bb\u00a0\u00bb saved_tabs=\u00a0\u00bball\u00a0\u00bb global_colors_info=\u00a0\u00bb{}\u00a0\u00bb][\/et_pb_section][et_pb_section fb_built=\u00a0\u00bb1&Prime; _builder_version=\u00a0\u00bb4.27.4&Prime; _module_preset=\u00a0\u00bbdefault\u00a0\u00bb background_color=\u00a0\u00bb#FAF7F2&Prime; custom_padding=\u00a0\u00bb50px||30px||false|false\u00a0\u00bb global_colors_info=\u00a0\u00bb{}\u00a0\u00bb][et_pb_row use_custom_gutter=\u00a0\u00bbon\u00a0\u00bb gutter_width=\u00a0\u00bb1&Prime; _builder_version=\u00a0\u00bb4.27.4&Prime; _module_preset=\u00a0\u00bbdefault\u00a0\u00bb custom_margin=\u00a0\u00bb||||false|false\u00a0\u00bb global_colors_info=\u00a0\u00bb{}\u00a0\u00bb][et_pb_column type=\u00a0\u00bb4_4&Prime; _builder_version=\u00a0\u00bb4.16&Prime; _module_preset=\u00a0\u00bbdefault\u00a0\u00bb global_colors_info=\u00a0\u00bb{}\u00a0\u00bb][et_pb_text _builder_version=\u00a0\u00bb4.27.5&Prime; _module_preset=\u00a0\u00bbdefault\u00a0\u00bb background_color=\u00a0\u00bbRGBA(0,0,0,0)\u00a0\u00bb hover_enabled=\u00a0\u00bb0&Prime; global_colors_info=\u00a0\u00bb{}\u00a0\u00bb sticky_enabled=\u00a0\u00bb0&Prime;]<\/p>\n<h1>\u00c9v\u00e9nements et ateliers<\/h1>\n<h4>pour participer activement au d\u00e9veloppement de l\u2019achats circulaires<\/h4>\n<p>[\/et_pb_text][\/et_pb_column][\/et_pb_row][et_pb_row use_custom_gutter=\u00a0\u00bbon\u00a0\u00bb gutter_width=\u00a0\u00bb1&Prime; _builder_version=\u00a0\u00bb4.27.4&Prime; _module_preset=\u00a0\u00bbdefault\u00a0\u00bb custom_margin=\u00a0\u00bb||||false|false\u00a0\u00bb custom_padding=\u00a0\u00bb0px||||false|false\u00a0\u00bb global_colors_info=\u00a0\u00bb{}\u00a0\u00bb][et_pb_column type=\u00a0\u00bb4_4&Prime; _builder_version=\u00a0\u00bb4.16&Prime; _module_preset=\u00a0\u00bbdefault\u00a0\u00bb global_colors_info=\u00a0\u00bb{}\u00a0\u00bb][et_pb_text _builder_version=\u00a0\u00bb4.27.4&Prime; _module_preset=\u00a0\u00bbdefault\u00a0\u00bb background_color=\u00a0\u00bbRGBA(0,0,0,0)\u00a0\u00bb global_colors_info=\u00a0\u00bb{}\u00a0\u00bb]<\/p>\n<p>Ensemble, nous atteindrons plus efficacement l\u2019objectif d\u2019une \u00e9conomie circulaire. C\u2019est pourquoi Prozirkula organise ses propres \u00e9v\u00e9nements en collaboration avec l\u2019Office f\u00e9d\u00e9ral de l\u2019environnement, afin de promouvoir l\u2019\u00e9change ax\u00e9 sur la mise en \u0153uvre. <\/p>\n<p>Nous partageons \u00e9galement nos connaissances lors d\u2019\u00e9v\u00e9nements externes, car l\u2019achat circulaire constitue non seulement un levier de transformation, mais aussi un outil efficace pour r\u00e9duire les \u00e9missions en amont et en aval.<\/p>\n<p>[\/et_pb_text][\/et_pb_column][\/et_pb_row][\/et_pb_section][et_pb_section fb_built=\u00a0\u00bb1&Prime; _builder_version=\u00a0\u00bb4.27.4&Prime; _module_preset=\u00a0\u00bbdefault\u00a0\u00bb background_color=\u00a0\u00bb#FAF7F2&Prime; custom_padding=\u00a0\u00bb0px||||false|false\u00a0\u00bb global_colors_info=\u00a0\u00bb{}\u00a0\u00bb custom_padding__hover_enabled=\u00a0\u00bboff|desktop\u00a0\u00bb][et_pb_row _builder_version=\u00a0\u00bb4.16&Prime; _module_preset=\u00a0\u00bbdefault\u00a0\u00bb global_colors_info=\u00a0\u00bb{}\u00a0\u00bb][et_pb_column type=\u00a0\u00bb4_4&Prime; _builder_version=\u00a0\u00bb4.16&Prime; _module_preset=\u00a0\u00bbdefault\u00a0\u00bb global_colors_info=\u00a0\u00bb{}\u00a0\u00bb][dpdfg_filtergrid custom_query=\u00a0\u00bbadvanced\u00a0\u00bb use_taxonomy_terms=\u00a0\u00bbon\u00a0\u00bb multiple_taxonomies=\u00a0\u00bbzeitpunkt\u00a0\u00bb taxonomies_relation=\u00a0\u00bbAND\u00a0\u00bb include_terms=\u00a0\u00bb104&Prime; include_children_terms=\u00a0\u00bboff\u00a0\u00bb post_number=\u00a0\u00bb50&Prime; order=\u00a0\u00bbASC\u00a0\u00bb orderby=\u00a0\u00bbmeta_value\u00a0\u00bb meta_key=\u00a0\u00bbevent_start_datum\u00a0\u00bb meta_type=\u00a0\u00bbDATE\u00a0\u00bb no_results=\u00a0\u00bbAucun r\u00e9sultat\u00a0\u00bb show_author=\u00a0\u00bboff\u00a0\u00bb show_date=\u00a0\u00bbon\u00a0\u00bb show_content=\u00a0\u00bbon\u00a0\u00bb truncate_content=\u00a0\u00bb150&Prime; truncate_excerpt=\u00a0\u00bbon\u00a0\u00bb read_more=\u00a0\u00bbon\u00a0\u00bb read_more_text=\u00a0\u00bbRegarder maintenant\u00a0\u00bb show_custom_fields=\u00a0\u00bbon\u00a0\u00bb custom_fields=\u00a0\u00bb%91{%22name%22:%22event_start_datum%22,%22label%22:%22%22},{%22name%22:%22event_ort%22,%22label%22:%22%22}%93&Prime; show_custom_content=\u00a0\u00bbon\u00a0\u00bb custom_url=\u00a0\u00bbon\u00a0\u00bb custom_url_field_name=\u00a0\u00bbexterne_url_news_de\u00a0\u00bb custom_url_target=\u00a0\u00bbon\u00a0\u00bb show_filters=\u00a0\u00bboff\u00a0\u00bb show_pagination=\u00a0\u00bboff\u00a0\u00bb items_width=\u00a0\u00bb29.67%\u00a0\u00bb primary_view=\u00a0\u00bb%91{%22name%22:%22thumbnail%22,%22show%22:%22on%22},{%22name%22:%22overlay%22,%22show%22:%22on%22},{%22name%22:%22title%22,%22show%22:%22off%22},{%22name%22:%22custom_content%22,%22show%22:%22off%22},{%22name%22:%22meta%22,%22show%22:%22off%22},{%22name%22:%22ext%22,%22show%22:%22off%22},{%22name%22:%22content%22,%22show%22:%22off%22},{%22name%22:%22action_button%22,%22show%22:%22off%22},{%22name%22:%22read_more_button%22,%22show%22:%22off%22}%93&Prime; use_overlay_icon=\u00a0\u00bboff\u00a0\u00bb hover_overlay_color=\u00a0\u00bbrgba(33,79,115,0.62)\u00a0\u00bb disabled_on=\u00a0\u00bboff|off|off\u00a0\u00bb _builder_version=\u00a0\u00bb4.27.5&Prime; _module_preset=\u00a0\u00bbdefault\u00a0\u00bb dpdfg_entry_title_line_height=\u00a0\u00bb1.5em\u00a0\u00bb custom_read_more_button=\u00a0\u00bbon\u00a0\u00bb read_more_button_text_size=\u00a0\u00bb15px\u00a0\u00bb read_more_button_text_color=\u00a0\u00bb#54BEC2&Prime; read_more_button_border_width=\u00a0\u00bb0px\u00a0\u00bb read_more_button_font=\u00a0\u00bb||||on||||\u00a0\u00bb read_more_button_icon_placement=\u00a0\u00bbleft\u00a0\u00bb read_more_button_alignment=\u00a0\u00bbleft\u00a0\u00bb read_more_button_custom_margin=\u00a0\u00bb|0px||0px|false|false\u00a0\u00bb read_more_button_custom_padding=\u00a0\u00bb|0px||0px|false|false\u00a0\u00bb custom_padding=\u00a0\u00bb||||false|false\u00a0\u00bb custom_css_free_form=\u00a0\u00bbselector .dp-dfg-item {||display: flex;||flex-direction: column;||}||||selector .dp-dfg-item .et_pb_button_wrapper {||margin-top: auto;||}||||selector .dp-dfg-custom-content {||  display: flex;||}||||.dpdfg_filtergrid_0 .dp-dfg-custom-field.dp-dfg-cf-event_ort,||.dpdfg_filtergrid_1 .dp-dfg-custom-field.dp-dfg-cf-event_ort{||  margin-left: 5px !important;||}\u00a0\u00bb custom_css_entry-header=\u00a0\u00bbmargin: 15px;||padding-bottom: 0px;\u00a0\u00bb custom_css_entry-meta=\u00a0\u00bbdisplay: none;\u00a0\u00bb custom_css_entry-summary=\u00a0\u00bbmargin: 15px;||padding: 0px;\u00a0\u00bb custom_css_entry-cf=\u00a0\u00bbmargin-left: 15px;\u00a0\u00bb custom_css_entry-button=\u00a0\u00bbmargin: 15px;\u00a0\u00bb border_width_all=\u00a0\u00bb0px\u00a0\u00bb border_color_all=\u00a0\u00bb#54BEC2&Prime; box_shadow_style=\u00a0\u00bbpreset1&Prime; global_colors_info=\u00a0\u00bb{}\u00a0\u00bb border_color_all__hover_enabled=\u00a0\u00bboff|hover\u00a0\u00bb border_color_all__hover=\u00a0\u00bb#54BEC2&Prime; read_more_button_text_color__hover_enabled=\u00a0\u00bbon|hover\u00a0\u00bb read_more_button_text_color__hover=\u00a0\u00bb#214F73&Prime; border_width_all__hover_enabled=\u00a0\u00bbon|hover\u00a0\u00bb border_width_all__hover=\u00a0\u00bb5px\u00a0\u00bb][\/dpdfg_filtergrid][\/et_pb_column][\/et_pb_row][et_pb_row use_custom_gutter=\u00a0\u00bbon\u00a0\u00bb gutter_width=\u00a0\u00bb1&Prime; _builder_version=\u00a0\u00bb4.27.4&Prime; _module_preset=\u00a0\u00bbdefault\u00a0\u00bb custom_margin=\u00a0\u00bb||||false|false\u00a0\u00bb global_colors_info=\u00a0\u00bb{}\u00a0\u00bb][et_pb_column type=\u00a0\u00bb4_4&Prime; _builder_version=\u00a0\u00bb4.16&Prime; _module_preset=\u00a0\u00bbdefault\u00a0\u00bb global_colors_info=\u00a0\u00bb{}\u00a0\u00bb][et_pb_text _builder_version=\u00a0\u00bb4.27.5&Prime; _module_preset=\u00a0\u00bbdefault\u00a0\u00bb background_color=\u00a0\u00bbRGBA(0,0,0,0)\u00a0\u00bb hover_enabled=\u00a0\u00bb0&Prime; global_colors_info=\u00a0\u00bb{}\u00a0\u00bb sticky_enabled=\u00a0\u00bb0&Prime;]<\/p>\n<h2>\u00c9v\u00e9nements et ateliers pass\u00e9s<\/h2>\n<p>[\/et_pb_text][\/et_pb_column][\/et_pb_row][et_pb_row _builder_version=\u00a0\u00bb4.16&Prime; _module_preset=\u00a0\u00bbdefault\u00a0\u00bb global_colors_info=\u00a0\u00bb{}\u00a0\u00bb][et_pb_column type=\u00a0\u00bb4_4&Prime; _builder_version=\u00a0\u00bb4.16&Prime; _module_preset=\u00a0\u00bbdefault\u00a0\u00bb global_colors_info=\u00a0\u00bb{}\u00a0\u00bb][dpdfg_filtergrid custom_query=\u00a0\u00bbadvanced\u00a0\u00bb use_taxonomy_terms=\u00a0\u00bbon\u00a0\u00bb multiple_taxonomies=\u00a0\u00bbzeitpunkt\u00a0\u00bb taxonomies_relation=\u00a0\u00bbAND\u00a0\u00bb include_terms=\u00a0\u00bb105&Prime; include_children_terms=\u00a0\u00bboff\u00a0\u00bb orderby=\u00a0\u00bbmeta_value\u00a0\u00bb meta_key=\u00a0\u00bbevent_start_datum\u00a0\u00bb meta_type=\u00a0\u00bbDATE\u00a0\u00bb no_results=\u00a0\u00bbAucun r\u00e9sultat\u00a0\u00bb show_author=\u00a0\u00bboff\u00a0\u00bb show_date=\u00a0\u00bbon\u00a0\u00bb show_content=\u00a0\u00bbon\u00a0\u00bb truncate_content=\u00a0\u00bb150&Prime; truncate_excerpt=\u00a0\u00bbon\u00a0\u00bb read_more=\u00a0\u00bbon\u00a0\u00bb read_more_text=\u00a0\u00bbRegarder maintenant\u00a0\u00bb show_custom_fields=\u00a0\u00bbon\u00a0\u00bb custom_fields=\u00a0\u00bb%91{%22name%22:%22event_start_datum%22,%22label%22:%22%22},{%22name%22:%22event_ort%22,%22label%22:%22%22}%93&Prime; show_custom_content=\u00a0\u00bbon\u00a0\u00bb custom_url=\u00a0\u00bbon\u00a0\u00bb custom_url_field_name=\u00a0\u00bbexterne_url_news_de\u00a0\u00bb custom_url_target=\u00a0\u00bbon\u00a0\u00bb show_filters=\u00a0\u00bboff\u00a0\u00bb pagination_type=\u00a0\u00bbbutton\u00a0\u00bb ajax_load_more_text=\u00a0\u00bbEn voir plus\u00a0\u00bb items_width=\u00a0\u00bb29.67%\u00a0\u00bb primary_view=\u00a0\u00bb%91{%22name%22:%22thumbnail%22,%22show%22:%22on%22},{%22name%22:%22overlay%22,%22show%22:%22on%22},{%22name%22:%22title%22,%22show%22:%22off%22},{%22name%22:%22custom_content%22,%22show%22:%22off%22},{%22name%22:%22meta%22,%22show%22:%22off%22},{%22name%22:%22ext%22,%22show%22:%22off%22},{%22name%22:%22content%22,%22show%22:%22off%22},{%22name%22:%22action_button%22,%22show%22:%22off%22},{%22name%22:%22read_more_button%22,%22show%22:%22off%22}%93&Prime; use_overlay_icon=\u00a0\u00bboff\u00a0\u00bb hover_overlay_color=\u00a0\u00bbrgba(33,79,115,0.62)\u00a0\u00bb disabled_on=\u00a0\u00bboff|off|off\u00a0\u00bb _builder_version=\u00a0\u00bb4.27.5&Prime; _module_preset=\u00a0\u00bbdefault\u00a0\u00bb dpdfg_entry_title_line_height=\u00a0\u00bb1.5em\u00a0\u00bb custom_read_more_button=\u00a0\u00bbon\u00a0\u00bb read_more_button_text_size=\u00a0\u00bb15px\u00a0\u00bb read_more_button_text_color=\u00a0\u00bb#54BEC2&Prime; read_more_button_border_width=\u00a0\u00bb0px\u00a0\u00bb read_more_button_font=\u00a0\u00bb||||on||||\u00a0\u00bb read_more_button_icon_placement=\u00a0\u00bbleft\u00a0\u00bb read_more_button_alignment=\u00a0\u00bbleft\u00a0\u00bb read_more_button_custom_margin=\u00a0\u00bb|0px||0px|false|false\u00a0\u00bb read_more_button_custom_padding=\u00a0\u00bb|0px||0px|false|false\u00a0\u00bb custom_padding=\u00a0\u00bb||||false|false\u00a0\u00bb custom_css_free_form=\u00a0\u00bbselector .dp-dfg-item {||display: flex;||flex-direction: column;||}||||selector .dp-dfg-item .et_pb_button_wrapper {||margin-top: auto;||}||||selector .dp-dfg-custom-content {||  display: flex;||}||||.dpdfg_filtergrid_0 .dp-dfg-custom-field.dp-dfg-cf-event_ort,||.dpdfg_filtergrid_1 .dp-dfg-custom-field.dp-dfg-cf-event_ort{||  margin-left: 5px !important;||}\u00a0\u00bb custom_css_entry-header=\u00a0\u00bbmargin: 15px;||padding-bottom: 0px;\u00a0\u00bb custom_css_entry-meta=\u00a0\u00bbdisplay: none;\u00a0\u00bb custom_css_entry-summary=\u00a0\u00bbmargin: 15px;||padding: 0px;\u00a0\u00bb custom_css_entry-cf=\u00a0\u00bbmargin-left: 15px;\u00a0\u00bb custom_css_entry-button=\u00a0\u00bbmargin: 15px;\u00a0\u00bb border_width_all=\u00a0\u00bb0px\u00a0\u00bb border_color_all=\u00a0\u00bb#54BEC2&Prime; box_shadow_style=\u00a0\u00bbpreset1&Prime; global_colors_info=\u00a0\u00bb{}\u00a0\u00bb border_color_all__hover_enabled=\u00a0\u00bboff|hover\u00a0\u00bb border_color_all__hover=\u00a0\u00bb#54BEC2&Prime; read_more_button_text_color__hover_enabled=\u00a0\u00bbon|hover\u00a0\u00bb read_more_button_text_color__hover=\u00a0\u00bb#214F73&Prime; border_width_all__hover_enabled=\u00a0\u00bbon|hover\u00a0\u00bb border_width_all__hover=\u00a0\u00bb5px\u00a0\u00bb][\/dpdfg_filtergrid][\/et_pb_column][\/et_pb_row][\/et_pb_section]<\/p>\n","protected":false},"excerpt":{"rendered":"<p>\u00c9v\u00e9nements et ateliers pour participer activement au d\u00e9veloppement de l\u2019achats circulairesEnsemble, nous atteindrons plus efficacement l\u2019objectif d\u2019une \u00e9conomie circulaire. C\u2019est pourquoi Prozirkula organise ses propres \u00e9v\u00e9nements en collaboration avec l\u2019Office f\u00e9d\u00e9ral de l\u2019environnement, afin de promouvoir l\u2019\u00e9change ax\u00e9 sur la mise en \u0153uvre. Nous partageons \u00e9galement nos connaissances lors d\u2019\u00e9v\u00e9nements externes, car l\u2019achat circulaire constitue [&hellip;]<\/p>\n","protected":false},"author":1,"featured_media":0,"parent":0,"menu_order":0,"comment_status":"closed","ping_status":"closed","template":"","meta":{"_acf_changed":false,"_et_pb_use_builder":"on","_et_pb_old_content":"","_et_gb_content_width":"","inline_featured_image":false,"footnotes":""},"class_list":["post-1500","page","type-page","status-publish","hentry"],"acf":[],"yoast_head":"<!-- This site is optimized with the Yoast SEO plugin v27.4 - https:\/\/yoast.com\/product\/yoast-seo-wordpress\/ -->\n<title>\u00c9v\u00e9nements autour de l&#039;\u00e9conomie circulaire dans les march\u00e9s publics - Prozirkula<\/title>\n<meta name=\"description\" content=\"Que se passe-t-il actuellement dans l&#039;\u00e9cosyst\u00e8me de l&#039;achat public circulaire ? Vous pouvez le suivre ici.\" \/>\n<meta name=\"robots\" content=\"index, follow, max-snippet:-1, max-image-preview:large, max-video-preview:-1\" \/>\n<link rel=\"canonical\" href=\"https:\/\/prozirkula.ch\/fr\/actualites\/\" \/>\n<meta property=\"og:locale\" content=\"fr_FR\" \/>\n<meta property=\"og:type\" content=\"article\" \/>\n<meta property=\"og:title\" content=\"\u00c9v\u00e9nements autour de l&#039;\u00e9conomie circulaire dans les march\u00e9s publics - Prozirkula\" \/>\n<meta property=\"og:description\" content=\"Que se passe-t-il actuellement dans l&#039;\u00e9cosyst\u00e8me de l&#039;achat public circulaire ? Vous pouvez le suivre ici.\" \/>\n<meta property=\"og:url\" content=\"https:\/\/prozirkula.ch\/fr\/actualites\/\" \/>\n<meta property=\"og:site_name\" content=\"Prozirkula\" \/>\n<meta property=\"article:modified_time\" content=\"2026-01-07T13:46:41+00:00\" \/>\n<meta name=\"twitter:card\" content=\"summary_large_image\" \/>\n<meta name=\"twitter:label1\" content=\"Dur\u00e9e de lecture estim\u00e9e\" \/>\n\t<meta name=\"twitter:data1\" content=\"4 minutes\" \/>\n<script type=\"application\/ld+json\" class=\"yoast-schema-graph\">{\"@context\":\"https:\\\/\\\/schema.org\",\"@graph\":[{\"@type\":\"WebPage\",\"@id\":\"https:\\\/\\\/prozirkula.ch\\\/fr\\\/actualites\\\/\",\"url\":\"https:\\\/\\\/prozirkula.ch\\\/fr\\\/actualites\\\/\",\"name\":\"\u00c9v\u00e9nements autour de l'\u00e9conomie circulaire dans les march\u00e9s publics - Prozirkula\",\"isPartOf\":{\"@id\":\"https:\\\/\\\/prozirkula.ch\\\/fr\\\/#website\"},\"datePublished\":\"2021-04-28T14:18:16+00:00\",\"dateModified\":\"2026-01-07T13:46:41+00:00\",\"description\":\"Que se passe-t-il actuellement dans l'\u00e9cosyst\u00e8me de l'achat public circulaire ? Vous pouvez le suivre ici.\",\"breadcrumb\":{\"@id\":\"https:\\\/\\\/prozirkula.ch\\\/fr\\\/actualites\\\/#breadcrumb\"},\"inLanguage\":\"fr-FR\",\"potentialAction\":[{\"@type\":\"ReadAction\",\"target\":[\"https:\\\/\\\/prozirkula.ch\\\/fr\\\/actualites\\\/\"]}]},{\"@type\":\"BreadcrumbList\",\"@id\":\"https:\\\/\\\/prozirkula.ch\\\/fr\\\/actualites\\\/#breadcrumb\",\"itemListElement\":[{\"@type\":\"ListItem\",\"position\":1,\"name\":\"Startseite\",\"item\":\"https:\\\/\\\/prozirkula.ch\\\/fr\\\/\"},{\"@type\":\"ListItem\",\"position\":2,\"name\":\"\u00c9v\u00e9nements\"}]},{\"@type\":\"WebSite\",\"@id\":\"https:\\\/\\\/prozirkula.ch\\\/fr\\\/#website\",\"url\":\"https:\\\/\\\/prozirkula.ch\\\/fr\\\/\",\"name\":\"Prozirkula\",\"description\":\"Prozirkula \u2013 bringt Kreislaufwirtschaft in die \u00f6ffentliche Beschaffung\",\"potentialAction\":[{\"@type\":\"SearchAction\",\"target\":{\"@type\":\"EntryPoint\",\"urlTemplate\":\"https:\\\/\\\/prozirkula.ch\\\/fr\\\/?s={search_term_string}\"},\"query-input\":{\"@type\":\"PropertyValueSpecification\",\"valueRequired\":true,\"valueName\":\"search_term_string\"}}],\"inLanguage\":\"fr-FR\"}]}<\/script>\n<!-- \/ Yoast SEO plugin. -->","yoast_head_json":{"title":"\u00c9v\u00e9nements autour de l'\u00e9conomie circulaire dans les march\u00e9s publics - Prozirkula","description":"Que se passe-t-il actuellement dans l'\u00e9cosyst\u00e8me de l'achat public circulaire ? Vous pouvez le suivre ici.","robots":{"index":"index","follow":"follow","max-snippet":"max-snippet:-1","max-image-preview":"max-image-preview:large","max-video-preview":"max-video-preview:-1"},"canonical":"https:\/\/prozirkula.ch\/fr\/actualites\/","og_locale":"fr_FR","og_type":"article","og_title":"\u00c9v\u00e9nements autour de l'\u00e9conomie circulaire dans les march\u00e9s publics - Prozirkula","og_description":"Que se passe-t-il actuellement dans l'\u00e9cosyst\u00e8me de l'achat public circulaire ? Vous pouvez le suivre ici.","og_url":"https:\/\/prozirkula.ch\/fr\/actualites\/","og_site_name":"Prozirkula","article_modified_time":"2026-01-07T13:46:41+00:00","twitter_card":"summary_large_image","twitter_misc":{"Dur\u00e9e de lecture estim\u00e9e":"4 minutes"},"schema":{"@context":"https:\/\/schema.org","@graph":[{"@type":"WebPage","@id":"https:\/\/prozirkula.ch\/fr\/actualites\/","url":"https:\/\/prozirkula.ch\/fr\/actualites\/","name":"\u00c9v\u00e9nements autour de l'\u00e9conomie circulaire dans les march\u00e9s publics - Prozirkula","isPartOf":{"@id":"https:\/\/prozirkula.ch\/fr\/#website"},"datePublished":"2021-04-28T14:18:16+00:00","dateModified":"2026-01-07T13:46:41+00:00","description":"Que se passe-t-il actuellement dans l'\u00e9cosyst\u00e8me de l'achat public circulaire ? Vous pouvez le suivre ici.","breadcrumb":{"@id":"https:\/\/prozirkula.ch\/fr\/actualites\/#breadcrumb"},"inLanguage":"fr-FR","potentialAction":[{"@type":"ReadAction","target":["https:\/\/prozirkula.ch\/fr\/actualites\/"]}]},{"@type":"BreadcrumbList","@id":"https:\/\/prozirkula.ch\/fr\/actualites\/#breadcrumb","itemListElement":[{"@type":"ListItem","position":1,"name":"Startseite","item":"https:\/\/prozirkula.ch\/fr\/"},{"@type":"ListItem","position":2,"name":"\u00c9v\u00e9nements"}]},{"@type":"WebSite","@id":"https:\/\/prozirkula.ch\/fr\/#website","url":"https:\/\/prozirkula.ch\/fr\/","name":"Prozirkula","description":"Prozirkula \u2013 bringt Kreislaufwirtschaft in die \u00f6ffentliche Beschaffung","potentialAction":[{"@type":"SearchAction","target":{"@type":"EntryPoint","urlTemplate":"https:\/\/prozirkula.ch\/fr\/?s={search_term_string}"},"query-input":{"@type":"PropertyValueSpecification","valueRequired":true,"valueName":"search_term_string"}}],"inLanguage":"fr-FR"}]}},"_links":{"self":[{"href":"https:\/\/prozirkula.ch\/fr\/wp-json\/wp\/v2\/pages\/1500","targetHints":{"allow":["GET"]}}],"collection":[{"href":"https:\/\/prozirkula.ch\/fr\/wp-json\/wp\/v2\/pages"}],"about":[{"href":"https:\/\/prozirkula.ch\/fr\/wp-json\/wp\/v2\/types\/page"}],"author":[{"embeddable":true,"href":"https:\/\/prozirkula.ch\/fr\/wp-json\/wp\/v2\/users\/1"}],"replies":[{"embeddable":true,"href":"https:\/\/prozirkula.ch\/fr\/wp-json\/wp\/v2\/comments?post=1500"}],"version-history":[{"count":78,"href":"https:\/\/prozirkula.ch\/fr\/wp-json\/wp\/v2\/pages\/1500\/revisions"}],"predecessor-version":[{"id":9074,"href":"https:\/\/prozirkula.ch\/fr\/wp-json\/wp\/v2\/pages\/1500\/revisions\/9074"}],"wp:attachment":[{"href":"https:\/\/prozirkula.ch\/fr\/wp-json\/wp\/v2\/media?parent=1500"}],"curies":[{"name":"wp","href":"https:\/\/api.w.org\/{rel}","templated":true}]}}