{"id":7347,"date":"2025-04-22T09:56:21","date_gmt":"2025-04-22T09:56:21","guid":{"rendered":"https:\/\/prozirkula.ch\/utiliser-le-potentiel-de-leconomie-circulaire-grace-a-lachat-public-echange-dexperience\/"},"modified":"2025-10-01T09:45:33","modified_gmt":"2025-10-01T09:45:33","slug":"utiliser-le-potentiel-de-leconomie-circulaire-grace-a-lachat-public-echange-dexperience","status":"publish","type":"page","link":"https:\/\/prozirkula.ch\/fr\/utiliser-le-potentiel-de-leconomie-circulaire-grace-a-lachat-public-echange-dexperience\/","title":{"rendered":"ERFA 4: Lausanne"},"content":{"rendered":"<p>[et_pb_section fb_built=\u00a0\u00bb1&Prime; _builder_version=\u00a0\u00bb4.24.0&Prime; _module_preset=\u00a0\u00bbdefault\u00a0\u00bb background_color=\u00a0\u00bb#FAF7F2&Prime; global_colors_info=\u00a0\u00bb{}\u00a0\u00bb][et_pb_row _builder_version=\u00a0\u00bb4.23.4&Prime; _module_preset=\u00a0\u00bbdefault\u00a0\u00bb global_colors_info=\u00a0\u00bb{}\u00a0\u00bb][et_pb_column type=\u00a0\u00bb4_4&Prime; _builder_version=\u00a0\u00bb4.23.4&Prime; _module_preset=\u00a0\u00bbdefault\u00a0\u00bb global_colors_info=\u00a0\u00bb{}\u00a0\u00bb][et_pb_text _builder_version=\u00a0\u00bb4.27.4&Prime; _module_preset=\u00a0\u00bbdefault\u00a0\u00bb global_colors_info=\u00a0\u00bb{}\u00a0\u00bb]<\/p>\n<h1 style=\"font-weight: 400;\"><strong>Utiliser le potentiel de l\u2019\u00e9conomie circulaire gr\u00e2ce \u00e0 l\u2019achat public<\/strong><\/h1>\n<p>[\/et_pb_text][\/et_pb_column][\/et_pb_row][et_pb_row _builder_version=\u00a0\u00bb4.23.4&Prime; _module_preset=\u00a0\u00bbdefault\u00a0\u00bb global_colors_info=\u00a0\u00bb{}\u00a0\u00bb][et_pb_column type=\u00a0\u00bb4_4&Prime; _builder_version=\u00a0\u00bb4.23.4&Prime; _module_preset=\u00a0\u00bbdefault\u00a0\u00bb global_colors_info=\u00a0\u00bb{}\u00a0\u00bb][et_pb_text _builder_version=\u00a0\u00bb4.27.4&Prime; _module_preset=\u00a0\u00bbdefault\u00a0\u00bb hover_enabled=\u00a0\u00bb0&Prime; global_colors_info=\u00a0\u00bb{}\u00a0\u00bb sticky_enabled=\u00a0\u00bb0&Prime;]<\/p>\n<h2><span><b>\u00c9change d&rsquo;exp\u00e9rience<span class=\"Apple-converted-space\"> <\/span><\/b><\/span><\/h2>\n<h4>11 novembre 2025, 9h00 \u2013 12h00<\/h4>\n<h4>Tibits Lausanne<\/h4>\n<p><span> <\/span><\/p>\n<p><span>Lors de cet \u00e9change d&rsquo;exp\u00e9riences, nous entendrons les contributions passionnantes de :<\/span><\/p>\n<ul>\n<ul>\n<li><span>Sara Frei, <b>\u00c9tat de Vaud<\/b><b><\/b><\/span><\/li>\n<li><span>Pierre Ouvry, <b>EPFL<\/b><b><\/b><\/span><\/li>\n<li><span>Jean-Blaise Trivelli, <b>R\u00e9publique et Canton de Gen\u00e8ve<\/b><b><\/b><\/span><\/li>\n<\/ul>\n<\/ul>\n<p><span>Et nous discutons :<\/span><\/p>\n<ul>\n<ul>\n<li><span>Travail avec les crit\u00e8res de l\u2019\u00e9conomie circulaire : ce que nous avons appris, les questions soulev\u00e9es, les incertitudes<\/span><\/li>\n<li><span>Gestion des fournisseurs : comment faire en sorte que nos fournisseurs s\u2019engagent dans la transition vers une \u00e9conomie circulaire ?<\/span><\/li>\n<li><span>Int\u00e9gration syst\u00e9matique : int\u00e9gration de l\u2019achats circulaire dans la pratique<\/span><\/li>\n<li><span>Mettre en \u0153uvre : comment int\u00e9grer un sujet aussi important que l\u2019\u00e9conomie circulaire au quotidien ?<br \/><\/span><\/li>\n<\/ul>\n<\/ul>\n<p><span><b>Groupe cible<\/b>: personnes responsables des achats et\/ou de la durabilit\u00e9<span class=\"Apple-converted-space\"> <\/span><\/span><\/p>\n<p>Le nombre de participant.e.s est limit\u00e9 \u00e0 25 personnes.<\/p>\n<p>&nbsp;<\/p>\n<p>[\/et_pb_text][\/et_pb_column][\/et_pb_row][\/et_pb_section][et_pb_section fb_built=\u00a0\u00bb1&Prime; _builder_version=\u00a0\u00bb4.27.3&Prime; _module_preset=\u00a0\u00bbdefault\u00a0\u00bb background_color=\u00a0\u00bb#FFFFFF\u00a0\u00bb global_colors_info=\u00a0\u00bb{}\u00a0\u00bb][et_pb_row _builder_version=\u00a0\u00bb4.27.3&Prime; _module_preset=\u00a0\u00bbdefault\u00a0\u00bb background_color=\u00a0\u00bb#FFFFFF\u00a0\u00bb global_colors_info=\u00a0\u00bb{}\u00a0\u00bb][et_pb_column type=\u00a0\u00bb4_4&Prime; _builder_version=\u00a0\u00bb4.24.0&Prime; _module_preset=\u00a0\u00bbdefault\u00a0\u00bb global_colors_info=\u00a0\u00bb{}\u00a0\u00bb][et_pb_text _builder_version=\u00a0\u00bb4.27.4&Prime; _module_preset=\u00a0\u00bbdefault\u00a0\u00bb global_colors_info=\u00a0\u00bb{}\u00a0\u00bb]<\/p>\n<h2>Inscription<\/h2>\n<p>[\/et_pb_text][\/et_pb_column][\/et_pb_row][et_pb_row _builder_version=\u00a0\u00bb4.27.3&Prime; _module_preset=\u00a0\u00bbdefault\u00a0\u00bb background_color=\u00a0\u00bb#FFFFFF\u00a0\u00bb global_colors_info=\u00a0\u00bb{}\u00a0\u00bb][et_pb_column type=\u00a0\u00bb4_4&Prime; _builder_version=\u00a0\u00bb4.24.0&Prime; _module_preset=\u00a0\u00bbdefault\u00a0\u00bb global_colors_info=\u00a0\u00bb{}\u00a0\u00bb][et_pb_code _builder_version=\u00a0\u00bb4.27.4&Prime; _module_preset=\u00a0\u00bbdefault\u00a0\u00bb global_colors_info=\u00a0\u00bb{}\u00a0\u00bb]<\/p>\n<div id=\"ticket-shop-1f0a\"><\/div>\n<p><script src=\"https:\/\/embed.ticketpark.ch\/v1\/?c=ticket-shop-1f0a&#038;p=1F0A74D5-69FB-423F-ACD9-25938704CED0&#038;l=fr\"><\/script>[\/et_pb_code][\/et_pb_column][\/et_pb_row][\/et_pb_section][et_pb_section fb_built=\u00a0\u00bb1&Prime; _builder_version=\u00a0\u00bb4.23.4&Prime; _module_preset=\u00a0\u00bbdefault\u00a0\u00bb background_color=\u00a0\u00bb#FAF7F2&Prime; global_colors_info=\u00a0\u00bb{}\u00a0\u00bb][et_pb_row column_structure=\u00a0\u00bb1_3,1_3,1_3&Prime; _builder_version=\u00a0\u00bb4.24.0&Prime; _module_preset=\u00a0\u00bbdefault\u00a0\u00bb background_color=\u00a0\u00bb#FAF7F2&Prime; global_colors_info=\u00a0\u00bb{}\u00a0\u00bb][et_pb_column type=\u00a0\u00bb1_3&Prime; _builder_version=\u00a0\u00bb4.24.0&Prime; _module_preset=\u00a0\u00bbdefault\u00a0\u00bb global_colors_info=\u00a0\u00bb{}\u00a0\u00bb][\/et_pb_column][et_pb_column type=\u00a0\u00bb1_3&Prime; _builder_version=\u00a0\u00bb4.24.0&Prime; _module_preset=\u00a0\u00bbdefault\u00a0\u00bb background_color=\u00a0\u00bb#FAF7F2&Prime; global_colors_info=\u00a0\u00bb{}\u00a0\u00bb][et_pb_image src=\u00a0\u00bbhttps:\/\/prozirkula.ch\/wp-content\/uploads\/2024\/01\/BAFU_f_RGB_pos_hoch.gif\u00a0\u00bb title_text=\u00a0\u00bbBAFU_f_RGB_pos_hoch\u00a0\u00bb _builder_version=\u00a0\u00bb4.27.4&Prime; _module_preset=\u00a0\u00bbdefault\u00a0\u00bb global_colors_info=\u00a0\u00bb{}\u00a0\u00bb][\/et_pb_image][\/et_pb_column][et_pb_column type=\u00a0\u00bb1_3&Prime; _builder_version=\u00a0\u00bb4.24.0&Prime; _module_preset=\u00a0\u00bbdefault\u00a0\u00bb global_colors_info=\u00a0\u00bb{}\u00a0\u00bb][\/et_pb_column][\/et_pb_row][\/et_pb_section]<\/p>\n","protected":false},"excerpt":{"rendered":"<p>\u00c9change d&rsquo;exp\u00e9rience avec les contributions passionnantes de l&rsquo;\u00e9tat de Vaud, l&rsquo;EPFL et la Republique et Canton de Gen\u00e8ve.<\/p>\n","protected":false},"author":7,"featured_media":0,"parent":0,"menu_order":0,"comment_status":"closed","ping_status":"closed","template":"","meta":{"_acf_changed":false,"_et_pb_use_builder":"on","_et_pb_old_content":"","_et_gb_content_width":"","inline_featured_image":false,"footnotes":""},"class_list":["post-7347","page","type-page","status-publish","hentry"],"acf":[],"yoast_head":"<!-- This site is optimized with the Yoast SEO plugin v27.4 - https:\/\/yoast.com\/product\/yoast-seo-wordpress\/ -->\n<title>Utiliser le potentiel de l\u2019\u00e9conomie circulaire gr\u00e2ce \u00e0 l\u2019achat public<\/title>\n<meta name=\"description\" content=\"L\u2019Office f\u00e9d\u00e9ral de l\u2019environnement et Prozirkula vous invitent \u00e0 un \u00e9change d\u2019exp\u00e9riences pour apprendre ensemble.\" \/>\n<meta name=\"robots\" content=\"index, follow, max-snippet:-1, max-image-preview:large, max-video-preview:-1\" \/>\n<link rel=\"canonical\" href=\"https:\/\/prozirkula.ch\/fr\/utiliser-le-potentiel-de-leconomie-circulaire-grace-a-lachat-public-echange-dexperience\/\" \/>\n<meta property=\"og:locale\" content=\"fr_FR\" \/>\n<meta property=\"og:type\" content=\"article\" \/>\n<meta property=\"og:title\" content=\"Utiliser le potentiel de l\u2019\u00e9conomie circulaire gr\u00e2ce \u00e0 l\u2019achat public\" \/>\n<meta property=\"og:description\" content=\"L\u2019Office f\u00e9d\u00e9ral de l\u2019environnement et Prozirkula vous invitent \u00e0 un \u00e9change d\u2019exp\u00e9riences pour apprendre ensemble.\" \/>\n<meta property=\"og:url\" content=\"https:\/\/prozirkula.ch\/fr\/utiliser-le-potentiel-de-leconomie-circulaire-grace-a-lachat-public-echange-dexperience\/\" \/>\n<meta property=\"og:site_name\" content=\"Prozirkula\" \/>\n<meta property=\"article:modified_time\" content=\"2025-10-01T09:45:33+00:00\" \/>\n<meta name=\"twitter:card\" content=\"summary_large_image\" \/>\n<meta name=\"twitter:label1\" content=\"Dur\u00e9e de lecture estim\u00e9e\" \/>\n\t<meta name=\"twitter:data1\" content=\"1 minute\" \/>\n<script type=\"application\/ld+json\" class=\"yoast-schema-graph\">{\"@context\":\"https:\\\/\\\/schema.org\",\"@graph\":[{\"@type\":\"WebPage\",\"@id\":\"https:\\\/\\\/prozirkula.ch\\\/fr\\\/utiliser-le-potentiel-de-leconomie-circulaire-grace-a-lachat-public-echange-dexperience\\\/\",\"url\":\"https:\\\/\\\/prozirkula.ch\\\/fr\\\/utiliser-le-potentiel-de-leconomie-circulaire-grace-a-lachat-public-echange-dexperience\\\/\",\"name\":\"Utiliser le potentiel de l\u2019\u00e9conomie circulaire gr\u00e2ce \u00e0 l\u2019achat public\",\"isPartOf\":{\"@id\":\"https:\\\/\\\/prozirkula.ch\\\/fr\\\/#website\"},\"datePublished\":\"2025-04-22T09:56:21+00:00\",\"dateModified\":\"2025-10-01T09:45:33+00:00\",\"description\":\"L\u2019Office f\u00e9d\u00e9ral de l\u2019environnement et Prozirkula vous invitent \u00e0 un \u00e9change d\u2019exp\u00e9riences pour apprendre ensemble.\",\"breadcrumb\":{\"@id\":\"https:\\\/\\\/prozirkula.ch\\\/fr\\\/utiliser-le-potentiel-de-leconomie-circulaire-grace-a-lachat-public-echange-dexperience\\\/#breadcrumb\"},\"inLanguage\":\"fr-FR\",\"potentialAction\":[{\"@type\":\"ReadAction\",\"target\":[\"https:\\\/\\\/prozirkula.ch\\\/fr\\\/utiliser-le-potentiel-de-leconomie-circulaire-grace-a-lachat-public-echange-dexperience\\\/\"]}]},{\"@type\":\"BreadcrumbList\",\"@id\":\"https:\\\/\\\/prozirkula.ch\\\/fr\\\/utiliser-le-potentiel-de-leconomie-circulaire-grace-a-lachat-public-echange-dexperience\\\/#breadcrumb\",\"itemListElement\":[{\"@type\":\"ListItem\",\"position\":1,\"name\":\"Startseite\",\"item\":\"https:\\\/\\\/prozirkula.ch\\\/fr\\\/\"},{\"@type\":\"ListItem\",\"position\":2,\"name\":\"ERFA 4: Lausanne\"}]},{\"@type\":\"WebSite\",\"@id\":\"https:\\\/\\\/prozirkula.ch\\\/fr\\\/#website\",\"url\":\"https:\\\/\\\/prozirkula.ch\\\/fr\\\/\",\"name\":\"Prozirkula\",\"description\":\"Prozirkula \u2013 bringt Kreislaufwirtschaft in die \u00f6ffentliche Beschaffung\",\"potentialAction\":[{\"@type\":\"SearchAction\",\"target\":{\"@type\":\"EntryPoint\",\"urlTemplate\":\"https:\\\/\\\/prozirkula.ch\\\/fr\\\/?s={search_term_string}\"},\"query-input\":{\"@type\":\"PropertyValueSpecification\",\"valueRequired\":true,\"valueName\":\"search_term_string\"}}],\"inLanguage\":\"fr-FR\"}]}<\/script>\n<!-- \/ Yoast SEO plugin. -->","yoast_head_json":{"title":"Utiliser le potentiel de l\u2019\u00e9conomie circulaire gr\u00e2ce \u00e0 l\u2019achat public","description":"L\u2019Office f\u00e9d\u00e9ral de l\u2019environnement et Prozirkula vous invitent \u00e0 un \u00e9change d\u2019exp\u00e9riences pour apprendre ensemble.","robots":{"index":"index","follow":"follow","max-snippet":"max-snippet:-1","max-image-preview":"max-image-preview:large","max-video-preview":"max-video-preview:-1"},"canonical":"https:\/\/prozirkula.ch\/fr\/utiliser-le-potentiel-de-leconomie-circulaire-grace-a-lachat-public-echange-dexperience\/","og_locale":"fr_FR","og_type":"article","og_title":"Utiliser le potentiel de l\u2019\u00e9conomie circulaire gr\u00e2ce \u00e0 l\u2019achat public","og_description":"L\u2019Office f\u00e9d\u00e9ral de l\u2019environnement et Prozirkula vous invitent \u00e0 un \u00e9change d\u2019exp\u00e9riences pour apprendre ensemble.","og_url":"https:\/\/prozirkula.ch\/fr\/utiliser-le-potentiel-de-leconomie-circulaire-grace-a-lachat-public-echange-dexperience\/","og_site_name":"Prozirkula","article_modified_time":"2025-10-01T09:45:33+00:00","twitter_card":"summary_large_image","twitter_misc":{"Dur\u00e9e de lecture estim\u00e9e":"1 minute"},"schema":{"@context":"https:\/\/schema.org","@graph":[{"@type":"WebPage","@id":"https:\/\/prozirkula.ch\/fr\/utiliser-le-potentiel-de-leconomie-circulaire-grace-a-lachat-public-echange-dexperience\/","url":"https:\/\/prozirkula.ch\/fr\/utiliser-le-potentiel-de-leconomie-circulaire-grace-a-lachat-public-echange-dexperience\/","name":"Utiliser le potentiel de l\u2019\u00e9conomie circulaire gr\u00e2ce \u00e0 l\u2019achat public","isPartOf":{"@id":"https:\/\/prozirkula.ch\/fr\/#website"},"datePublished":"2025-04-22T09:56:21+00:00","dateModified":"2025-10-01T09:45:33+00:00","description":"L\u2019Office f\u00e9d\u00e9ral de l\u2019environnement et Prozirkula vous invitent \u00e0 un \u00e9change d\u2019exp\u00e9riences pour apprendre ensemble.","breadcrumb":{"@id":"https:\/\/prozirkula.ch\/fr\/utiliser-le-potentiel-de-leconomie-circulaire-grace-a-lachat-public-echange-dexperience\/#breadcrumb"},"inLanguage":"fr-FR","potentialAction":[{"@type":"ReadAction","target":["https:\/\/prozirkula.ch\/fr\/utiliser-le-potentiel-de-leconomie-circulaire-grace-a-lachat-public-echange-dexperience\/"]}]},{"@type":"BreadcrumbList","@id":"https:\/\/prozirkula.ch\/fr\/utiliser-le-potentiel-de-leconomie-circulaire-grace-a-lachat-public-echange-dexperience\/#breadcrumb","itemListElement":[{"@type":"ListItem","position":1,"name":"Startseite","item":"https:\/\/prozirkula.ch\/fr\/"},{"@type":"ListItem","position":2,"name":"ERFA 4: Lausanne"}]},{"@type":"WebSite","@id":"https:\/\/prozirkula.ch\/fr\/#website","url":"https:\/\/prozirkula.ch\/fr\/","name":"Prozirkula","description":"Prozirkula \u2013 bringt Kreislaufwirtschaft in die \u00f6ffentliche Beschaffung","potentialAction":[{"@type":"SearchAction","target":{"@type":"EntryPoint","urlTemplate":"https:\/\/prozirkula.ch\/fr\/?s={search_term_string}"},"query-input":{"@type":"PropertyValueSpecification","valueRequired":true,"valueName":"search_term_string"}}],"inLanguage":"fr-FR"}]}},"_links":{"self":[{"href":"https:\/\/prozirkula.ch\/fr\/wp-json\/wp\/v2\/pages\/7347","targetHints":{"allow":["GET"]}}],"collection":[{"href":"https:\/\/prozirkula.ch\/fr\/wp-json\/wp\/v2\/pages"}],"about":[{"href":"https:\/\/prozirkula.ch\/fr\/wp-json\/wp\/v2\/types\/page"}],"author":[{"embeddable":true,"href":"https:\/\/prozirkula.ch\/fr\/wp-json\/wp\/v2\/users\/7"}],"replies":[{"embeddable":true,"href":"https:\/\/prozirkula.ch\/fr\/wp-json\/wp\/v2\/comments?post=7347"}],"version-history":[{"count":24,"href":"https:\/\/prozirkula.ch\/fr\/wp-json\/wp\/v2\/pages\/7347\/revisions"}],"predecessor-version":[{"id":8232,"href":"https:\/\/prozirkula.ch\/fr\/wp-json\/wp\/v2\/pages\/7347\/revisions\/8232"}],"wp:attachment":[{"href":"https:\/\/prozirkula.ch\/fr\/wp-json\/wp\/v2\/media?parent=7347"}],"curies":[{"name":"wp","href":"https:\/\/api.w.org\/{rel}","templated":true}]}}