{"id":7882,"date":"2025-06-11T12:25:57","date_gmt":"2025-06-11T12:25:57","guid":{"rendered":"https:\/\/prozirkula.ch\/mandat-de-loffice-federal-de-lenvironnement\/"},"modified":"2026-04-02T08:25:56","modified_gmt":"2026-04-02T08:25:56","slug":"mandat-de-loffice-federal-de-lenvironnement","status":"publish","type":"page","link":"https:\/\/prozirkula.ch\/fr\/mandat-de-loffice-federal-de-lenvironnement\/","title":{"rendered":"Mandat de l&rsquo;Office f\u00e9d\u00e9ral de l&rsquo;environnement"},"content":{"rendered":"<p>[et_pb_section fb_built=\u00a0\u00bb1&Prime; custom_padding_last_edited=\u00a0\u00bbon|tablet\u00a0\u00bb _builder_version=\u00a0\u00bb4.27.4&Prime; _module_preset=\u00a0\u00bbdefault\u00a0\u00bb background_image=\u00a0\u00bbhttps:\/\/prozirkula.ch\/wp-content\/uploads\/2025\/06\/Anlaesse_Foerderung-der-kreislauffaehigen-Beschaffung-scaled-e1748876979577.png\u00a0\u00bb height=\u00a0\u00bb300px\u00a0\u00bb custom_padding=\u00a0\u00bb200px||0px|||\u00a0\u00bb custom_padding_tablet=\u00a0\u00bb100px||||false|false\u00a0\u00bb custom_padding_phone=\u00a0\u00bb100px||||false|false\u00a0\u00bb saved_tabs=\u00a0\u00bball\u00a0\u00bb global_colors_info=\u00a0\u00bb{}\u00a0\u00bb][\/et_pb_section][et_pb_section fb_built=\u00a0\u00bb1&Prime; _builder_version=\u00a0\u00bb4.16&Prime; _module_preset=\u00a0\u00bbdefault\u00a0\u00bb background_color=\u00a0\u00bb#FAF7F2&Prime; custom_padding=\u00a0\u00bb50px||70px|||\u00a0\u00bb global_colors_info=\u00a0\u00bb{}\u00a0\u00bb][et_pb_row use_custom_gutter=\u00a0\u00bbon\u00a0\u00bb gutter_width=\u00a0\u00bb1&Prime; custom_padding_last_edited=\u00a0\u00bbon|phone\u00a0\u00bb _builder_version=\u00a0\u00bb4.27.4&Prime; _module_preset=\u00a0\u00bbdefault\u00a0\u00bb custom_margin=\u00a0\u00bb||||false|false\u00a0\u00bb custom_padding=\u00a0\u00bb||||false|true\u00a0\u00bb custom_padding_tablet=\u00a0\u00bb\u00a0\u00bb custom_padding_phone=\u00a0\u00bb|0px||0px|false|true\u00a0\u00bb global_colors_info=\u00a0\u00bb{}\u00a0\u00bb][et_pb_column type=\u00a0\u00bb4_4&Prime; _builder_version=\u00a0\u00bb4.16&Prime; _module_preset=\u00a0\u00bbdefault\u00a0\u00bb global_colors_info=\u00a0\u00bb{}\u00a0\u00bb][et_pb_text _builder_version=\u00a0\u00bb4.27.4&Prime; _module_preset=\u00a0\u00bbdefault\u00a0\u00bb background_color=\u00a0\u00bbRGBA(0,0,0,0)\u00a0\u00bb global_colors_info=\u00a0\u00bb{}\u00a0\u00bb]<\/p>\n<h1>Encouragement de l&rsquo;achat circulaire<\/h1>\n<p>[\/et_pb_text][et_pb_text _builder_version=\u00a0\u00bb4.27.4&Prime; _module_preset=\u00a0\u00bbdefault\u00a0\u00bb global_colors_info=\u00a0\u00bb{}\u00a0\u00bb]<\/p>\n<h4>Mandat de l&rsquo;Office f\u00e9d\u00e9ral de l&rsquo;environnement, OFEV<\/h4>\n<p>[\/et_pb_text][\/et_pb_column][\/et_pb_row][et_pb_row use_custom_gutter=\u00a0\u00bbon\u00a0\u00bb gutter_width=\u00a0\u00bb1&Prime; custom_padding_last_edited=\u00a0\u00bbon|tablet\u00a0\u00bb _builder_version=\u00a0\u00bb4.27.4&Prime; _module_preset=\u00a0\u00bbdefault\u00a0\u00bb custom_margin=\u00a0\u00bb||||false|false\u00a0\u00bb custom_padding=\u00a0\u00bb0px||||false|false\u00a0\u00bb custom_padding_tablet=\u00a0\u00bb|0px||0px|false|false\u00a0\u00bb custom_padding_phone=\u00a0\u00bb0px|0px||0px|false|false\u00a0\u00bb global_colors_info=\u00a0\u00bb{}\u00a0\u00bb][et_pb_column type=\u00a0\u00bb4_4&Prime; _builder_version=\u00a0\u00bb4.16&Prime; _module_preset=\u00a0\u00bbdefault\u00a0\u00bb global_colors_info=\u00a0\u00bb{}\u00a0\u00bb][et_pb_text _builder_version=\u00a0\u00bb4.27.6&Prime; _module_preset=\u00a0\u00bbdefault\u00a0\u00bb text_line_height=\u00a0\u00bb1.6em\u00a0\u00bb min_height=\u00a0\u00bb342px\u00a0\u00bb custom_padding=\u00a0\u00bb||52px|||\u00a0\u00bb hover_enabled=\u00a0\u00bb0&Prime; global_colors_info=\u00a0\u00bb{}\u00a0\u00bb sticky_enabled=\u00a0\u00bb0&Prime;]<\/p>\n<p><strong>\u00c9v\u00e9nements \u00e0 venir :<\/strong><\/p>\n<ul>\n<li style=\"list-style-type: none;\">\n<ul>\n<li class=\"false\"><span class=\"visible-desktop\"><strong>25 ao\u00fbt 2026 <\/strong>: <a href=\"https:\/\/prozirkula.ch\/fr\/erfa-5-plus-quun-appel-doffres\/\" target=\"_blank\" rel=\"noopener\">L&rsquo;achat circulaire est convaincant sur le plan \u00e9conomique\u202f: utopie ou r\u00e9alit\u00e9\u202f?<\/a> (<span>\u00e9change d&rsquo;exp\u00e9rience <\/span>en allemand)<\/span><span class=\"visible-desktop\"><\/span><\/li>\n<li class=\"false\"><span class=\"visible-desktop\"><span class=\"visible-desktop\"><strong>3 novembre 2026 <\/strong>: <a href=\"https:\/\/prozirkula.ch\/fr\/erfa-2-2026\/\" target=\"_blank\" rel=\"noopener\">Achat circulaire \u2013 plus qu\u2019un appel d\u2019offres<\/a> (<span>\u00e9change d&rsquo;exp\u00e9rience)<\/span><\/span><\/span><\/li>\n<li class=\"false\"><strong>26 janvier 2027<\/strong> : <a href=\"https:\/\/prozirkula.ch\/fr\/table-ronde-2027-2\/\" target=\"_blank\" rel=\"noopener\">Table ronde<\/a><span class=\"visible-desktop\"><span class=\"visible-desktop\">\u00a0(<\/span><\/span>Le th\u00e8me sp\u00e9cifique sera encore annonc\u00e9.)<\/li>\n<\/ul>\n<\/li>\n<\/ul>\n<p class=\"false\"><span class=\"visible-desktop\"><strong><\/strong><\/span><\/p>\n<div>\n<p><span><b>Rapport des r\u00e9sultats des \u00e9v\u00e8nements pass\u00e9 <\/b>:<\/span><span><\/span><span><\/span><\/p>\n<ul>\n<li style=\"list-style-type: none;\">\n<ul>\n<li><span class=\"visible-desktop\"><a href=\"https:\/\/prozirkula.ch\/wp-content\/uploads\/2026\/04\/Ergebnisbericht_Industry-Roundtable-kreislauffaehiges-Facility-Management_final_FR.pdf\" target=\"_blank\" rel=\"noopener\">Facility management circulaire<\/a> (table ronde, 2026, <a href=\"https:\/\/prozirkula.ch\/wp-content\/uploads\/2026\/02\/Programm-Industry-Roundtable_FM_FR.pdf\" target=\"_blank\" rel=\"noopener\">programme<\/a>)<\/span><span class=\"visible-desktop\"><\/span><\/li>\n<li><span class=\"visible-desktop\"><a href=\"https:\/\/prozirkula.ch\/wp-content\/uploads\/2025\/11\/retrospective_echange-dexperience-le-potentiel-de-lachat-circulaire.pdf\" target=\"_blank\" rel=\"noopener\">Utiliser le potentiel de l\u2019\u00e9conomie circulaire gr\u00e2ce \u00e0 l\u2019achat public<\/a> <span>(\u00e9change d&rsquo;exp\u00e9rience, 2025) <\/span><\/span><span><\/span><\/li>\n<li><a href=\"https:\/\/prozirkula.ch\/wp-content\/uploads\/2025\/11\/Rueckblick_Erfahrungsaustausch-mehr-als-eine-Ausschreibung.pdf\" target=\"_blank\" rel=\"noopener\">L\u2019achat circulaire \u2013 plus qu\u2019un appel d\u2019offres<\/a><span class=\"visible-desktop\"> <span>(\u00e9change d&rsquo;exp\u00e9rience, 2025) <\/span>(en allemand)<\/span><span><\/span><\/li>\n<li><span><a href=\"https:\/\/prozirkula.ch\/wp-content\/uploads\/2025\/03\/Ergebnisbericht_IR_IT_2025_FR.pdf\" target=\"_blank\" rel=\"noopener\">IT circulaire<\/a> (table ronde, 2025, <a href=\"https:\/\/prozirkula.ch\/wp-content\/uploads\/2024\/12\/Programm-Industry-Roundtable_IT_FR.pdf\" target=\"_blank\" rel=\"noopener\">programme<\/a>)<\/span><span><\/span><\/li>\n<li><span><a href=\"https:\/\/prozirkula.ch\/wp-content\/uploads\/2025\/09\/Website_Rechtsdienst-und-Einkauf-gemeinsam-fuer-die-kreislauffaehige-oeffentliche-Beschaffung.pdf\" target=\"_blank\" rel=\"noopener\">Le r\u00f4le de la jurisprudence<\/a><\/span><span> (\u00e9change d&rsquo;exp\u00e9rience, 2025) (en allemand)<\/span><span><\/span><\/li>\n<li><span><a href=\"https:\/\/prozirkula.ch\/wp-content\/uploads\/2025\/03\/Ergebnisbericht_IR_Textil_2024_FR-1.pdf\" target=\"_blank\" rel=\"noopener\">Textiles circulaires<\/a> (table ronde, 2024, <a href=\"https:\/\/prozirkula.ch\/wp-content\/uploads\/2024\/03\/Programm-Industry-Roundtable_FR.pdf\" target=\"_blank\" rel=\"noopener\">programme<\/a>)<\/span><br \/><span><\/span><\/li>\n<li><span><a href=\"https:\/\/prozirkula.ch\/wp-content\/uploads\/2025\/01\/Kreislauffaehige-Beschaffung-von-Beleuchtung.pdf\" target=\"_blank\" rel=\"noopener\"> Achats circulaires de l&rsquo;\u00e9clairage<\/a><\/span><span> (\u00e9change d&rsquo;\u00e9xperience, 2024) (en allemand)<\/span><span><\/span><\/li>\n<li><span><a href=\"https:\/\/prozirkula.ch\/wp-content\/uploads\/2025\/01\/Mit-oeffentlicher-Beschaffung-das-Potenzial-der-Kreislaufwirtschaft-nutzen.pdf\" target=\"_blank\" rel=\"noopener\">Utiliser le potentiel de l&rsquo;\u00e9conomie circulaires gr\u00e2ce \u00e0 l&rsquo;achats publique<\/a><\/span><span> (\u00e9change d&rsquo;exp\u00e9rience, 2024) (en allemand)<\/span><span><\/span><\/li>\n<li><a href=\"https:\/\/prozirkula.ch\/wp-content\/uploads\/2025\/05\/Documentation-des-resultats.pdf\" target=\"_blank\" rel=\"noopener\">Mobilier circulaires<\/a> (<span>table ronde, <\/span>2023, <a href=\"https:\/\/prozirkula.ch\/wp-content\/uploads\/2023\/05\/Programm_Roundtable_FR.pdf\" target=\"_blank\" rel=\"noopener\">programme<\/a>)<\/li>\n<\/ul>\n<\/li>\n<\/ul>\n<\/div>\n<p>[\/et_pb_text][et_pb_text content_tablet=\u00a0\u00bb<\/p>\n<h4>En tant que centre de comp\u00e9tences, nous proposons des conseils, une formation continue, une mise en r\u00e9seau ainsi qu&apos;une base de donn\u00e9es de connaissances afin de faire progresser l&apos;achat circulaire en Suisse.<\/h4>\n<p>\u00a0\u00bb content_phone=\u00a0\u00bb<\/p>\n<h5>En tant que centre de comp\u00e9tences, nous proposons des conseils, une formation continue, une mise en r\u00e9seau ainsi qu&apos;une base de donn\u00e9es de connaissances afin de faire progresser l&apos;achat circulaire en Suisse.<\/h5>\n<p>\u00a0\u00bb content_last_edited=\u00a0\u00bbon|tablet\u00a0\u00bb _builder_version=\u00a0\u00bb4.27.4&Prime; _module_preset=\u00a0\u00bbdefault\u00a0\u00bb min_height=\u00a0\u00bb184px\u00a0\u00bb custom_margin=\u00a0\u00bb||||false|false\u00a0\u00bb custom_padding=\u00a0\u00bb|0px||20px|false|false\u00a0\u00bb text_font_size_tablet=\u00a0\u00bb\u00a0\u00bb text_font_size_phone=\u00a0\u00bb12px\u00a0\u00bb text_font_size_last_edited=\u00a0\u00bbon|phone\u00a0\u00bb border_width_left=\u00a0\u00bb12px\u00a0\u00bb border_color_left=\u00a0\u00bb#54BEC2&Prime; global_colors_info=\u00a0\u00bb{}\u00a0\u00bb]<\/p>\n<p><span>Dans le cadre de l&rsquo;appel d&rsquo;offre de l\u2018Office f\u00e9d\u00e9ral de l&rsquo;environnement \u00ab Encouragement de l&rsquo;achats circulaires \u00bb, organise Prozirkula deux format d&rsquo;\u00e9v\u00e8nements. <\/span><\/p>\n<p><span><b>Table ronde :<\/b> l&rsquo;offre et la demande se rencontrent et nous travaillons ensemble pour que davantage de solutions circulaires soient mises en \u0153uvre. Nombre de participants : environ 80 personnes. <\/span><\/p>\n<p><span><b>\u00c9change d&rsquo;exp\u00e9rience :<\/b> les responsables des achats partagent leurs exp\u00e9riences et nous apprenons les uns des autres. Nombre de participants : environ 20 personnes. <\/span><\/p>\n<p><span>Les deux formats mettent au centre des groupes de travail des questions concr\u00e8tes.<\/span><\/p>\n<p>[\/et_pb_text][\/et_pb_column][\/et_pb_row][et_pb_row column_structure=\u00a0\u00bb1_3,1_3,1_3&Prime; _builder_version=\u00a0\u00bb4.27.4&Prime; _module_preset=\u00a0\u00bbdefault\u00a0\u00bb global_colors_info=\u00a0\u00bb{}\u00a0\u00bb][et_pb_column type=\u00a0\u00bb1_3&Prime; _builder_version=\u00a0\u00bb4.27.4&Prime; _module_preset=\u00a0\u00bbdefault\u00a0\u00bb global_colors_info=\u00a0\u00bb{}\u00a0\u00bb][\/et_pb_column][et_pb_column type=\u00a0\u00bb1_3&Prime; _builder_version=\u00a0\u00bb4.27.4&Prime; _module_preset=\u00a0\u00bbdefault\u00a0\u00bb global_colors_info=\u00a0\u00bb{}\u00a0\u00bb][et_pb_image src=\u00a0\u00bbhttps:\/\/prozirkula.ch\/wp-content\/uploads\/2024\/01\/BAFU_f_RGB_pos_hoch.gif\u00a0\u00bb title_text=\u00a0\u00bbBAFU_f_RGB_pos_hoch\u00a0\u00bb _builder_version=\u00a0\u00bb4.27.4&Prime; _module_preset=\u00a0\u00bbdefault\u00a0\u00bb global_colors_info=\u00a0\u00bb{}\u00a0\u00bb][\/et_pb_image][\/et_pb_column][et_pb_column type=\u00a0\u00bb1_3&Prime; _builder_version=\u00a0\u00bb4.27.4&Prime; _module_preset=\u00a0\u00bbdefault\u00a0\u00bb global_colors_info=\u00a0\u00bb{}\u00a0\u00bb][\/et_pb_column][\/et_pb_row][\/et_pb_section]<\/p>\n","protected":false},"excerpt":{"rendered":"<p>Encouragement de l&rsquo;achat circulaireMandat de l&rsquo;Office f\u00e9d\u00e9ral de l&rsquo;environnement, OFEV\u00c9v\u00e9nements \u00e0 venir : 25 ao\u00fbt 2026 : L&rsquo;achat circulaire est convaincant sur le plan \u00e9conomique\u202f: utopie ou r\u00e9alit\u00e9\u202f? (\u00e9change d&rsquo;exp\u00e9rience en allemand) 3 novembre 2026 : Achat circulaire \u2013 plus qu\u2019un appel d\u2019offres (\u00e9change d&rsquo;exp\u00e9rience) 26 janvier 2027 : Table ronde\u00a0(Le th\u00e8me sp\u00e9cifique sera encore [&hellip;]<\/p>\n","protected":false},"author":7,"featured_media":0,"parent":0,"menu_order":0,"comment_status":"closed","ping_status":"closed","template":"","meta":{"_acf_changed":false,"_et_pb_use_builder":"on","_et_pb_old_content":"","_et_gb_content_width":"","inline_featured_image":false,"footnotes":""},"class_list":["post-7882","page","type-page","status-publish","hentry"],"acf":[],"yoast_head":"<!-- This site is optimized with the Yoast SEO plugin v27.4 - https:\/\/yoast.com\/product\/yoast-seo-wordpress\/ -->\n<title>Conseil pour l&#039;achat circulaire<\/title>\n<meta name=\"description\" content=\"Misez sur l&#039;\u00e9conomie circulaire pour vos achats publics. Nous vous accompagnons avec des conseils, une formation continue et une mise en r\u00e9seau.\" \/>\n<meta name=\"robots\" content=\"index, follow, max-snippet:-1, max-image-preview:large, max-video-preview:-1\" \/>\n<link rel=\"canonical\" href=\"https:\/\/prozirkula.ch\/fr\/mandat-de-loffice-federal-de-lenvironnement\/\" \/>\n<meta property=\"og:locale\" content=\"fr_FR\" \/>\n<meta property=\"og:type\" content=\"article\" \/>\n<meta property=\"og:title\" content=\"Conseil pour l&#039;achat circulaire\" \/>\n<meta property=\"og:description\" content=\"Misez sur l&#039;\u00e9conomie circulaire pour vos achats publics. Nous vous accompagnons avec des conseils, une formation continue et une mise en r\u00e9seau.\" \/>\n<meta property=\"og:url\" content=\"https:\/\/prozirkula.ch\/fr\/mandat-de-loffice-federal-de-lenvironnement\/\" \/>\n<meta property=\"og:site_name\" content=\"Prozirkula\" \/>\n<meta property=\"article:modified_time\" content=\"2026-04-02T08:25:56+00:00\" \/>\n<meta name=\"twitter:card\" content=\"summary_large_image\" \/>\n<meta name=\"twitter:label1\" content=\"Dur\u00e9e de lecture estim\u00e9e\" \/>\n\t<meta name=\"twitter:data1\" content=\"4 minutes\" \/>\n<script type=\"application\/ld+json\" class=\"yoast-schema-graph\">{\"@context\":\"https:\\\/\\\/schema.org\",\"@graph\":[{\"@type\":\"WebPage\",\"@id\":\"https:\\\/\\\/prozirkula.ch\\\/fr\\\/mandat-de-loffice-federal-de-lenvironnement\\\/\",\"url\":\"https:\\\/\\\/prozirkula.ch\\\/fr\\\/mandat-de-loffice-federal-de-lenvironnement\\\/\",\"name\":\"Conseil pour l'achat circulaire\",\"isPartOf\":{\"@id\":\"https:\\\/\\\/prozirkula.ch\\\/fr\\\/#website\"},\"datePublished\":\"2025-06-11T12:25:57+00:00\",\"dateModified\":\"2026-04-02T08:25:56+00:00\",\"description\":\"Misez sur l'\u00e9conomie circulaire pour vos achats publics. Nous vous accompagnons avec des conseils, une formation continue et une mise en r\u00e9seau.\",\"breadcrumb\":{\"@id\":\"https:\\\/\\\/prozirkula.ch\\\/fr\\\/mandat-de-loffice-federal-de-lenvironnement\\\/#breadcrumb\"},\"inLanguage\":\"fr-FR\",\"potentialAction\":[{\"@type\":\"ReadAction\",\"target\":[\"https:\\\/\\\/prozirkula.ch\\\/fr\\\/mandat-de-loffice-federal-de-lenvironnement\\\/\"]}]},{\"@type\":\"BreadcrumbList\",\"@id\":\"https:\\\/\\\/prozirkula.ch\\\/fr\\\/mandat-de-loffice-federal-de-lenvironnement\\\/#breadcrumb\",\"itemListElement\":[{\"@type\":\"ListItem\",\"position\":1,\"name\":\"Startseite\",\"item\":\"https:\\\/\\\/prozirkula.ch\\\/fr\\\/\"},{\"@type\":\"ListItem\",\"position\":2,\"name\":\"Mandat de l&rsquo;Office f\u00e9d\u00e9ral de l&rsquo;environnement\"}]},{\"@type\":\"WebSite\",\"@id\":\"https:\\\/\\\/prozirkula.ch\\\/fr\\\/#website\",\"url\":\"https:\\\/\\\/prozirkula.ch\\\/fr\\\/\",\"name\":\"Prozirkula\",\"description\":\"Prozirkula \u2013 bringt Kreislaufwirtschaft in die \u00f6ffentliche Beschaffung\",\"potentialAction\":[{\"@type\":\"SearchAction\",\"target\":{\"@type\":\"EntryPoint\",\"urlTemplate\":\"https:\\\/\\\/prozirkula.ch\\\/fr\\\/?s={search_term_string}\"},\"query-input\":{\"@type\":\"PropertyValueSpecification\",\"valueRequired\":true,\"valueName\":\"search_term_string\"}}],\"inLanguage\":\"fr-FR\"}]}<\/script>\n<!-- \/ Yoast SEO plugin. -->","yoast_head_json":{"title":"Conseil pour l'achat circulaire","description":"Misez sur l'\u00e9conomie circulaire pour vos achats publics. Nous vous accompagnons avec des conseils, une formation continue et une mise en r\u00e9seau.","robots":{"index":"index","follow":"follow","max-snippet":"max-snippet:-1","max-image-preview":"max-image-preview:large","max-video-preview":"max-video-preview:-1"},"canonical":"https:\/\/prozirkula.ch\/fr\/mandat-de-loffice-federal-de-lenvironnement\/","og_locale":"fr_FR","og_type":"article","og_title":"Conseil pour l'achat circulaire","og_description":"Misez sur l'\u00e9conomie circulaire pour vos achats publics. Nous vous accompagnons avec des conseils, une formation continue et une mise en r\u00e9seau.","og_url":"https:\/\/prozirkula.ch\/fr\/mandat-de-loffice-federal-de-lenvironnement\/","og_site_name":"Prozirkula","article_modified_time":"2026-04-02T08:25:56+00:00","twitter_card":"summary_large_image","twitter_misc":{"Dur\u00e9e de lecture estim\u00e9e":"4 minutes"},"schema":{"@context":"https:\/\/schema.org","@graph":[{"@type":"WebPage","@id":"https:\/\/prozirkula.ch\/fr\/mandat-de-loffice-federal-de-lenvironnement\/","url":"https:\/\/prozirkula.ch\/fr\/mandat-de-loffice-federal-de-lenvironnement\/","name":"Conseil pour l'achat circulaire","isPartOf":{"@id":"https:\/\/prozirkula.ch\/fr\/#website"},"datePublished":"2025-06-11T12:25:57+00:00","dateModified":"2026-04-02T08:25:56+00:00","description":"Misez sur l'\u00e9conomie circulaire pour vos achats publics. Nous vous accompagnons avec des conseils, une formation continue et une mise en r\u00e9seau.","breadcrumb":{"@id":"https:\/\/prozirkula.ch\/fr\/mandat-de-loffice-federal-de-lenvironnement\/#breadcrumb"},"inLanguage":"fr-FR","potentialAction":[{"@type":"ReadAction","target":["https:\/\/prozirkula.ch\/fr\/mandat-de-loffice-federal-de-lenvironnement\/"]}]},{"@type":"BreadcrumbList","@id":"https:\/\/prozirkula.ch\/fr\/mandat-de-loffice-federal-de-lenvironnement\/#breadcrumb","itemListElement":[{"@type":"ListItem","position":1,"name":"Startseite","item":"https:\/\/prozirkula.ch\/fr\/"},{"@type":"ListItem","position":2,"name":"Mandat de l&rsquo;Office f\u00e9d\u00e9ral de l&rsquo;environnement"}]},{"@type":"WebSite","@id":"https:\/\/prozirkula.ch\/fr\/#website","url":"https:\/\/prozirkula.ch\/fr\/","name":"Prozirkula","description":"Prozirkula \u2013 bringt Kreislaufwirtschaft in die \u00f6ffentliche Beschaffung","potentialAction":[{"@type":"SearchAction","target":{"@type":"EntryPoint","urlTemplate":"https:\/\/prozirkula.ch\/fr\/?s={search_term_string}"},"query-input":{"@type":"PropertyValueSpecification","valueRequired":true,"valueName":"search_term_string"}}],"inLanguage":"fr-FR"}]}},"_links":{"self":[{"href":"https:\/\/prozirkula.ch\/fr\/wp-json\/wp\/v2\/pages\/7882","targetHints":{"allow":["GET"]}}],"collection":[{"href":"https:\/\/prozirkula.ch\/fr\/wp-json\/wp\/v2\/pages"}],"about":[{"href":"https:\/\/prozirkula.ch\/fr\/wp-json\/wp\/v2\/types\/page"}],"author":[{"embeddable":true,"href":"https:\/\/prozirkula.ch\/fr\/wp-json\/wp\/v2\/users\/7"}],"replies":[{"embeddable":true,"href":"https:\/\/prozirkula.ch\/fr\/wp-json\/wp\/v2\/comments?post=7882"}],"version-history":[{"count":22,"href":"https:\/\/prozirkula.ch\/fr\/wp-json\/wp\/v2\/pages\/7882\/revisions"}],"predecessor-version":[{"id":9125,"href":"https:\/\/prozirkula.ch\/fr\/wp-json\/wp\/v2\/pages\/7882\/revisions\/9125"}],"wp:attachment":[{"href":"https:\/\/prozirkula.ch\/fr\/wp-json\/wp\/v2\/media?parent=7882"}],"curies":[{"name":"wp","href":"https:\/\/api.w.org\/{rel}","templated":true}]}}