{"id":8040,"date":"2025-08-06T06:43:21","date_gmt":"2025-08-06T06:43:21","guid":{"rendered":"https:\/\/prozirkula.ch\/?page_id=8040"},"modified":"2026-02-02T06:56:01","modified_gmt":"2026-02-02T06:56:01","slug":"table-ronde-facility-management-circulaire","status":"publish","type":"page","link":"https:\/\/prozirkula.ch\/fr\/table-ronde-facility-management-circulaire\/","title":{"rendered":"Table ronde : facility management circulaire"},"content":{"rendered":"<p>[et_pb_section fb_built=\u00a0\u00bb1&Prime; _builder_version=\u00a0\u00bb4.23.4&Prime; _module_preset=\u00a0\u00bbdefault\u00a0\u00bb background_color=\u00a0\u00bb#FAF7F2&Prime; global_colors_info=\u00a0\u00bb{}\u00a0\u00bb][et_pb_row _builder_version=\u00a0\u00bb4.23.4&Prime; _module_preset=\u00a0\u00bbdefault\u00a0\u00bb global_colors_info=\u00a0\u00bb{}\u00a0\u00bb][et_pb_column type=\u00a0\u00bb4_4&Prime; _builder_version=\u00a0\u00bb4.23.4&Prime; _module_preset=\u00a0\u00bbdefault\u00a0\u00bb global_colors_info=\u00a0\u00bb{}\u00a0\u00bb][et_pb_text _builder_version=\u00a0\u00bb4.27.4&Prime; _module_preset=\u00a0\u00bbdefault\u00a0\u00bb global_colors_info=\u00a0\u00bb{}\u00a0\u00bb]<\/p>\n<h1>Table ronde<\/h1>\n<h1>Facility management circulaire<\/h1>\n<p>[\/et_pb_text][\/et_pb_column][\/et_pb_row][et_pb_row _builder_version=\u00a0\u00bb4.23.4&Prime; _module_preset=\u00a0\u00bbdefault\u00a0\u00bb global_colors_info=\u00a0\u00bb{}\u00a0\u00bb][et_pb_column type=\u00a0\u00bb4_4&Prime; _builder_version=\u00a0\u00bb4.23.4&Prime; _module_preset=\u00a0\u00bbdefault\u00a0\u00bb global_colors_info=\u00a0\u00bb{}\u00a0\u00bb][et_pb_text _builder_version=\u00a0\u00bb4.27.4&Prime; _module_preset=\u00a0\u00bbdefault\u00a0\u00bb global_colors_info=\u00a0\u00bb{}\u00a0\u00bb]<\/p>\n<h4>19 f\u00e9vrier 2026, 9h30 &#8211; 17h00<\/h4>\n<h4>Aula Progr, Berne<\/h4>\n<p>[\/et_pb_text][et_pb_button button_url=\u00a0\u00bb@ET-DC@eyJkeW5hbWljIjp0cnVlLCJjb250ZW50IjoicG9zdF9saW5rX3VybF9hdHRhY2htZW50Iiwic2V0dGluZ3MiOnsicG9zdF9pZCI6Ijg5MTkifX0=@\u00a0\u00bb url_new_window=\u00a0\u00bbon\u00a0\u00bb button_text=\u00a0\u00bbProgramme\u00a0\u00bb disabled_on=\u00a0\u00bbon|on|off\u00a0\u00bb _builder_version=\u00a0\u00bb4.27.5&Prime; _dynamic_attributes=\u00a0\u00bbbutton_url\u00a0\u00bb _module_preset=\u00a0\u00bbdefault\u00a0\u00bb hover_enabled=\u00a0\u00bb0&Prime; global_colors_info=\u00a0\u00bb{}\u00a0\u00bb sticky_enabled=\u00a0\u00bb0&Prime;][\/et_pb_button][\/et_pb_column][\/et_pb_row][et_pb_row _builder_version=\u00a0\u00bb4.23.4&Prime; _module_preset=\u00a0\u00bbdefault\u00a0\u00bb global_colors_info=\u00a0\u00bb{}\u00a0\u00bb][et_pb_column type=\u00a0\u00bb4_4&Prime; _builder_version=\u00a0\u00bb4.23.4&Prime; _module_preset=\u00a0\u00bbdefault\u00a0\u00bb global_colors_info=\u00a0\u00bb{}\u00a0\u00bb][et_pb_text _builder_version=\u00a0\u00bb4.27.4&Prime; _module_preset=\u00a0\u00bbdefault\u00a0\u00bb global_colors_info=\u00a0\u00bb{}\u00a0\u00bb]<\/p>\n<p><span>Nous voulons discuter avec vous de ce qui est n\u00e9cessaire pour que la <strong>gestion d&rsquo;installations <\/strong>puisse \u00eatre <strong>planifi\u00e9e et mise en \u0153uvre <\/strong>de mani\u00e8re<strong> plus circulaire<\/strong>. Pour cela, l\u2019offre et la demande se rencontrent et le <strong>dialogue<\/strong> est au c\u0153ur de cette \u00e9change. <\/span><\/p>\n<p><span>Participez et aidez \u00e0 fa\u00e7onner la mani\u00e8re dont les solutions circulaires seront de plus en plus mises en \u0153uvre dans la gestion d&rsquo;installations.<\/span><\/p>\n<p>[\/et_pb_text][\/et_pb_column][\/et_pb_row][\/et_pb_section][et_pb_section fb_built=\u00a0\u00bb1&Prime; _builder_version=\u00a0\u00bb4.23.4&Prime; _module_preset=\u00a0\u00bbdefault\u00a0\u00bb global_colors_info=\u00a0\u00bb{}\u00a0\u00bb][et_pb_row _builder_version=\u00a0\u00bb4.23.4&Prime; _module_preset=\u00a0\u00bbdefault\u00a0\u00bb global_colors_info=\u00a0\u00bb{}\u00a0\u00bb][et_pb_column type=\u00a0\u00bb4_4&Prime; _builder_version=\u00a0\u00bb4.23.4&Prime; _module_preset=\u00a0\u00bbdefault\u00a0\u00bb global_colors_info=\u00a0\u00bb{}\u00a0\u00bb][et_pb_text _builder_version=\u00a0\u00bb4.27.4&Prime; _module_preset=\u00a0\u00bbdefault\u00a0\u00bb global_colors_info=\u00a0\u00bb{}\u00a0\u00bb]<\/p>\n<h2>Inscription<\/h2>\n<p>[\/et_pb_text][\/et_pb_column][\/et_pb_row][et_pb_row _builder_version=\u00a0\u00bb4.23.4&Prime; _module_preset=\u00a0\u00bbdefault\u00a0\u00bb global_colors_info=\u00a0\u00bb{}\u00a0\u00bb][et_pb_column type=\u00a0\u00bb4_4&Prime; _builder_version=\u00a0\u00bb4.23.4&Prime; _module_preset=\u00a0\u00bbdefault\u00a0\u00bb global_colors_info=\u00a0\u00bb{}\u00a0\u00bb][et_pb_code _builder_version=\u00a0\u00bb4.27.4&Prime; _module_preset=\u00a0\u00bbdefault\u00a0\u00bb global_colors_info=\u00a0\u00bb{}\u00a0\u00bb]<\/p>\n<div id=\"ticket-shop-6234\"><\/div>\n<p><script src=\"https:\/\/embed.ticketpark.ch\/v1\/?c=ticket-shop-6234&#038;p=6234F8CE-F97E-4BB7-8502-3E915E79E1E4&#038;l=fr\"><\/script>[\/et_pb_code][\/et_pb_column][\/et_pb_row][\/et_pb_section][et_pb_section fb_built=\u00a0\u00bb1&Prime; _builder_version=\u00a0\u00bb4.27.4&Prime; _module_preset=\u00a0\u00bbdefault\u00a0\u00bb background_color=\u00a0\u00bb#FAF7F2&Prime; global_colors_info=\u00a0\u00bb{}\u00a0\u00bb][et_pb_row _builder_version=\u00a0\u00bb4.27.4&Prime; _module_preset=\u00a0\u00bbdefault\u00a0\u00bb global_colors_info=\u00a0\u00bb{}\u00a0\u00bb][et_pb_column type=\u00a0\u00bb4_4&Prime; _builder_version=\u00a0\u00bb4.27.4&Prime; _module_preset=\u00a0\u00bbdefault\u00a0\u00bb global_colors_info=\u00a0\u00bb{}\u00a0\u00bb][et_pb_text _builder_version=\u00a0\u00bb4.27.4&Prime; _module_preset=\u00a0\u00bbdefault\u00a0\u00bb global_colors_info=\u00a0\u00bb{}\u00a0\u00bb]<\/p>\n<h3><span>Focus de la table ronde<\/span><\/h3>\n<p><span>L\u2019\u00e9v\u00e8nement se concentre sur les th\u00e8mes de <strong>l\u2019\u00e9clairage, du nettoyage et de la gestion technique des installations<\/strong>. Les connaissances acquises lors de cette journ\u00e9e peuvent \u00e9galement \u00eatre <strong>appliqu\u00e9es dans d\u2019autres domaines de la gestion d&rsquo;installations<\/strong>, par exemple dans la conception des espaces ext\u00e9rieurs et l\u2019entretien des espaces verts. <\/span><\/p>\n<p><span>Nous allons donc nous pencher sur la question comment nous pouvons \u00e9conomiser les ressources mat\u00e9rielles dans la gestion des b\u00e2timents. Et comment nous pouvons mettre en place une gestion d&rsquo;installations qui soit en accord avec les <strong>exigences de durabilit\u00e9 de l\u2019administration publique<\/strong> et avec l<strong>\u2019objectif de z\u00e9ro \u00e9mission nette de gaz \u00e0 effet de serre<\/strong> en 2050. <\/span><\/p>\n<p><span>Nous nous inspirons de bons exemples et nous discutons ensemble :<\/span><\/p>\n<ul>\n<li><span>De quoi a besoin l\u2019administration publique pour planifier et lancer des appels d\u2019offres plus circulaires ?<\/span><\/li>\n<li><span>Quelles sont les prestations que les fournisseurs peuvent offrir et quelles autres solutions partielles doivent-ils d\u00e9velopper pour pouvoir proposer des services complets et respectueux des ressources ?<\/span><\/li>\n<\/ul>\n<p>[\/et_pb_text][\/et_pb_column][\/et_pb_row][et_pb_row _builder_version=\u00a0\u00bb4.16&Prime; _module_preset=\u00a0\u00bbdefault\u00a0\u00bb global_colors_info=\u00a0\u00bb{}\u00a0\u00bb][et_pb_column type=\u00a0\u00bb4_4&Prime; _builder_version=\u00a0\u00bb4.16&Prime; _module_preset=\u00a0\u00bbdefault\u00a0\u00bb global_colors_info=\u00a0\u00bb{}\u00a0\u00bb][et_pb_text _builder_version=\u00a0\u00bb4.27.4&Prime; _module_preset=\u00a0\u00bbdefault\u00a0\u00bb global_colors_info=\u00a0\u00bb{}\u00a0\u00bb]<\/p>\n<p>Groupe cible de cette \u00e9v\u00e8nement sont<\/p>\n<p>[\/et_pb_text][\/et_pb_column][\/et_pb_row][et_pb_row column_structure=\u00a0\u00bb1_2,1_2&Prime; _builder_version=\u00a0\u00bb4.27.4&Prime; _module_preset=\u00a0\u00bbdefault\u00a0\u00bb global_colors_info=\u00a0\u00bb{}\u00a0\u00bb][et_pb_column type=\u00a0\u00bb1_2&Prime; _builder_version=\u00a0\u00bb4.27.4&Prime; _module_preset=\u00a0\u00bbdefault\u00a0\u00bb global_colors_info=\u00a0\u00bb{}\u00a0\u00bb][et_pb_text _builder_version=\u00a0\u00bb4.27.4&Prime; _module_preset=\u00a0\u00bbdefault\u00a0\u00bb global_colors_info=\u00a0\u00bb{}\u00a0\u00bb]<\/p>\n<h4>au niveau des pouvoirs publics<\/h4>\n<p>Personnes agissant sur le <strong>plan strat\u00e9gique et op\u00e9rationnel<\/strong>, charg\u00e9es de la d\u00e9finition, de l\u2019acquisition et du suivi de la gestion d&rsquo;installations.<\/p>\n<p>[\/et_pb_text][\/et_pb_column][et_pb_column type=\u00a0\u00bb1_2&Prime; _builder_version=\u00a0\u00bb4.27.4&Prime; _module_preset=\u00a0\u00bbdefault\u00a0\u00bb global_colors_info=\u00a0\u00bb{}\u00a0\u00bb][et_pb_text _builder_version=\u00a0\u00bb4.27.4&Prime; _module_preset=\u00a0\u00bbdefault\u00a0\u00bb global_colors_info=\u00a0\u00bb{}\u00a0\u00bb]<\/p>\n<h4>du c\u00f4t\u00e9 des fournisseurs<\/h4>\n<p><strong>Fournisseurs de la gestion d&rsquo;installations <\/strong>(strat\u00e9giques et op\u00e9rationnels), <strong>fabricants<\/strong>, ainsi que des fournisseurs de <strong>services de maintenance.<\/strong><\/p>\n<p>[\/et_pb_text][\/et_pb_column][\/et_pb_row][et_pb_row column_structure=\u00a0\u00bb1_2,1_2&Prime; _builder_version=\u00a0\u00bb4.27.4&Prime; _module_preset=\u00a0\u00bbdefault\u00a0\u00bb custom_margin=\u00a0\u00bb-20px||||false|false\u00a0\u00bb global_colors_info=\u00a0\u00bb{}\u00a0\u00bb][et_pb_column type=\u00a0\u00bb1_2&Prime; _builder_version=\u00a0\u00bb4.27.4&Prime; _module_preset=\u00a0\u00bbdefault\u00a0\u00bb global_colors_info=\u00a0\u00bb{}\u00a0\u00bb][et_pb_text _builder_version=\u00a0\u00bb4.27.4&Prime; _module_preset=\u00a0\u00bbdefault\u00a0\u00bb global_colors_info=\u00a0\u00bb{}\u00a0\u00bb]<\/p>\n<p>Gr\u00e2ce \u00e0 votre participation, vous d\u00e9couvrez les derni\u00e8res<strong> innovations<\/strong> sur le march\u00e9, vous <strong>remplacez une partie de l\u2019analyse de march\u00e9 <\/strong>et vous <strong>b\u00e9n\u00e9ficiez de l\u2019exp\u00e9rience <\/strong>d\u2019autres services d&rsquo;achats.<\/p>\n<p>[\/et_pb_text][\/et_pb_column][et_pb_column type=\u00a0\u00bb1_2&Prime; _builder_version=\u00a0\u00bb4.27.4&Prime; _module_preset=\u00a0\u00bbdefault\u00a0\u00bb global_colors_info=\u00a0\u00bb{}\u00a0\u00bb][et_pb_text _builder_version=\u00a0\u00bb4.27.4&Prime; _module_preset=\u00a0\u00bbdefault\u00a0\u00bb global_colors_info=\u00a0\u00bb{}\u00a0\u00bb]<\/p>\n<p>Gr\u00e2ce \u00e0 votre participation, vous d\u00e9couvrirez les <strong>exigences des pouvoirs publics<\/strong>, vous pourrez <strong>\u00e9changer avec vos pairs<\/strong> et vous aurez la possibilit\u00e9 de <strong>nouer de nouveaux partenariats<\/strong> et de collaborer avec d\u2019autres prestataires.<\/p>\n<p>[\/et_pb_text][\/et_pb_column][\/et_pb_row][et_pb_row _builder_version=\u00a0\u00bb4.27.4&Prime; _module_preset=\u00a0\u00bbdefault\u00a0\u00bb global_colors_info=\u00a0\u00bb{}\u00a0\u00bb][et_pb_column type=\u00a0\u00bb4_4&Prime; _builder_version=\u00a0\u00bb4.27.4&Prime; _module_preset=\u00a0\u00bbdefault\u00a0\u00bb global_colors_info=\u00a0\u00bb{}\u00a0\u00bb][et_pb_text _builder_version=\u00a0\u00bb4.27.5&Prime; _module_preset=\u00a0\u00bbdefault\u00a0\u00bb global_colors_info=\u00a0\u00bb{}\u00a0\u00bb][\/et_pb_text][et_pb_text _builder_version=\u00a0\u00bb4.27.4&Prime; _module_preset=\u00a0\u00bbdefault\u00a0\u00bb global_colors_info=\u00a0\u00bb{}\u00a0\u00bb]<\/p>\n<h5 style=\"text-align: center;\"><span>Organis\u00e9 par Prozirkula en collaboration avec l\u2019Office f\u00e9d\u00e9ral de l\u2019environnement<\/span><\/h5>\n<p>[\/et_pb_text][\/et_pb_column][\/et_pb_row][\/et_pb_section][et_pb_section fb_built=\u00a0\u00bb1&Prime; _builder_version=\u00a0\u00bb4.23.4&Prime; _module_preset=\u00a0\u00bbdefault\u00a0\u00bb background_color=\u00a0\u00bb#FAF7F2&Prime; global_colors_info=\u00a0\u00bb{}\u00a0\u00bb][et_pb_row column_structure=\u00a0\u00bb1_3,1_3,1_3&Prime; _builder_version=\u00a0\u00bb4.24.0&Prime; _module_preset=\u00a0\u00bbdefault\u00a0\u00bb background_color=\u00a0\u00bb#FAF7F2&Prime; global_colors_info=\u00a0\u00bb{}\u00a0\u00bb][et_pb_column type=\u00a0\u00bb1_3&Prime; _builder_version=\u00a0\u00bb4.24.0&Prime; _module_preset=\u00a0\u00bbdefault\u00a0\u00bb global_colors_info=\u00a0\u00bb{}\u00a0\u00bb][\/et_pb_column][et_pb_column type=\u00a0\u00bb1_3&Prime; _builder_version=\u00a0\u00bb4.24.0&Prime; _module_preset=\u00a0\u00bbdefault\u00a0\u00bb global_colors_info=\u00a0\u00bb{}\u00a0\u00bb][et_pb_image src=\u00a0\u00bbhttps:\/\/prozirkula.ch\/wp-content\/uploads\/2024\/01\/BAFU_f_RGB_pos_hoch.gif\u00a0\u00bb title_text=\u00a0\u00bbBAFU_f_RGB_pos_hoch\u00a0\u00bb _builder_version=\u00a0\u00bb4.27.4&Prime; _module_preset=\u00a0\u00bbdefault\u00a0\u00bb global_colors_info=\u00a0\u00bb{}\u00a0\u00bb][\/et_pb_image][\/et_pb_column][et_pb_column type=\u00a0\u00bb1_3&Prime; _builder_version=\u00a0\u00bb4.24.0&Prime; _module_preset=\u00a0\u00bbdefault\u00a0\u00bb global_colors_info=\u00a0\u00bb{}\u00a0\u00bb][\/et_pb_column][\/et_pb_row][\/et_pb_section]<\/p>\n","protected":false},"excerpt":{"rendered":"<p>Table ronde Facility management circulaire19 f\u00e9vrier 2026, 9h30 &#8211; 17h00 Aula Progr, BerneNous voulons discuter avec vous de ce qui est n\u00e9cessaire pour que la gestion d&rsquo;installations puisse \u00eatre planifi\u00e9e et mise en \u0153uvre de mani\u00e8re plus circulaire. Pour cela, l\u2019offre et la demande se rencontrent et le dialogue est au c\u0153ur de cette \u00e9change. [&hellip;]<\/p>\n","protected":false},"author":7,"featured_media":0,"parent":0,"menu_order":0,"comment_status":"closed","ping_status":"closed","template":"","meta":{"_acf_changed":false,"_et_pb_use_builder":"on","_et_pb_old_content":"","_et_gb_content_width":"","inline_featured_image":false,"footnotes":""},"class_list":["post-8040","page","type-page","status-publish","hentry"],"acf":[],"yoast_head":"<!-- This site is optimized with the Yoast SEO plugin v27.4 - https:\/\/yoast.com\/product\/yoast-seo-wordpress\/ -->\n<title>Table ronde : facility management circulaire - Prozirkula<\/title>\n<meta name=\"description\" content=\"L\u2019offre et la demande discutent ensemble de ce qu\u2019il faut pour mettre en \u0153uvre davantage de solutions circulaires dans la gestion d&#039;installations.\" \/>\n<meta name=\"robots\" content=\"index, follow, max-snippet:-1, max-image-preview:large, max-video-preview:-1\" \/>\n<link rel=\"canonical\" href=\"https:\/\/prozirkula.ch\/fr\/table-ronde-facility-management-circulaire\/\" \/>\n<meta property=\"og:locale\" content=\"fr_FR\" \/>\n<meta property=\"og:type\" content=\"article\" \/>\n<meta property=\"og:title\" content=\"Table ronde : facility management circulaire - Prozirkula\" \/>\n<meta property=\"og:description\" content=\"L\u2019offre et la demande discutent ensemble de ce qu\u2019il faut pour mettre en \u0153uvre davantage de solutions circulaires dans la gestion d&#039;installations.\" \/>\n<meta property=\"og:url\" content=\"https:\/\/prozirkula.ch\/fr\/table-ronde-facility-management-circulaire\/\" \/>\n<meta property=\"og:site_name\" content=\"Prozirkula\" \/>\n<meta property=\"article:modified_time\" content=\"2026-02-02T06:56:01+00:00\" \/>\n<meta name=\"twitter:card\" content=\"summary_large_image\" \/>\n<meta name=\"twitter:label1\" content=\"Dur\u00e9e de lecture estim\u00e9e\" \/>\n\t<meta name=\"twitter:data1\" content=\"6 minutes\" \/>\n<script type=\"application\/ld+json\" class=\"yoast-schema-graph\">{\"@context\":\"https:\\\/\\\/schema.org\",\"@graph\":[{\"@type\":\"WebPage\",\"@id\":\"https:\\\/\\\/prozirkula.ch\\\/fr\\\/table-ronde-facility-management-circulaire\\\/\",\"url\":\"https:\\\/\\\/prozirkula.ch\\\/fr\\\/table-ronde-facility-management-circulaire\\\/\",\"name\":\"Table ronde : facility management circulaire - Prozirkula\",\"isPartOf\":{\"@id\":\"https:\\\/\\\/prozirkula.ch\\\/fr\\\/#website\"},\"datePublished\":\"2025-08-06T06:43:21+00:00\",\"dateModified\":\"2026-02-02T06:56:01+00:00\",\"description\":\"L\u2019offre et la demande discutent ensemble de ce qu\u2019il faut pour mettre en \u0153uvre davantage de solutions circulaires dans la gestion d'installations.\",\"breadcrumb\":{\"@id\":\"https:\\\/\\\/prozirkula.ch\\\/fr\\\/table-ronde-facility-management-circulaire\\\/#breadcrumb\"},\"inLanguage\":\"fr-FR\",\"potentialAction\":[{\"@type\":\"ReadAction\",\"target\":[\"https:\\\/\\\/prozirkula.ch\\\/fr\\\/table-ronde-facility-management-circulaire\\\/\"]}]},{\"@type\":\"BreadcrumbList\",\"@id\":\"https:\\\/\\\/prozirkula.ch\\\/fr\\\/table-ronde-facility-management-circulaire\\\/#breadcrumb\",\"itemListElement\":[{\"@type\":\"ListItem\",\"position\":1,\"name\":\"Startseite\",\"item\":\"https:\\\/\\\/prozirkula.ch\\\/fr\\\/\"},{\"@type\":\"ListItem\",\"position\":2,\"name\":\"Table ronde : facility management circulaire\"}]},{\"@type\":\"WebSite\",\"@id\":\"https:\\\/\\\/prozirkula.ch\\\/fr\\\/#website\",\"url\":\"https:\\\/\\\/prozirkula.ch\\\/fr\\\/\",\"name\":\"Prozirkula\",\"description\":\"Prozirkula \u2013 bringt Kreislaufwirtschaft in die \u00f6ffentliche Beschaffung\",\"potentialAction\":[{\"@type\":\"SearchAction\",\"target\":{\"@type\":\"EntryPoint\",\"urlTemplate\":\"https:\\\/\\\/prozirkula.ch\\\/fr\\\/?s={search_term_string}\"},\"query-input\":{\"@type\":\"PropertyValueSpecification\",\"valueRequired\":true,\"valueName\":\"search_term_string\"}}],\"inLanguage\":\"fr-FR\"}]}<\/script>\n<!-- \/ Yoast SEO plugin. -->","yoast_head_json":{"title":"Table ronde : facility management circulaire - Prozirkula","description":"L\u2019offre et la demande discutent ensemble de ce qu\u2019il faut pour mettre en \u0153uvre davantage de solutions circulaires dans la gestion d'installations.","robots":{"index":"index","follow":"follow","max-snippet":"max-snippet:-1","max-image-preview":"max-image-preview:large","max-video-preview":"max-video-preview:-1"},"canonical":"https:\/\/prozirkula.ch\/fr\/table-ronde-facility-management-circulaire\/","og_locale":"fr_FR","og_type":"article","og_title":"Table ronde : facility management circulaire - Prozirkula","og_description":"L\u2019offre et la demande discutent ensemble de ce qu\u2019il faut pour mettre en \u0153uvre davantage de solutions circulaires dans la gestion d'installations.","og_url":"https:\/\/prozirkula.ch\/fr\/table-ronde-facility-management-circulaire\/","og_site_name":"Prozirkula","article_modified_time":"2026-02-02T06:56:01+00:00","twitter_card":"summary_large_image","twitter_misc":{"Dur\u00e9e de lecture estim\u00e9e":"6 minutes"},"schema":{"@context":"https:\/\/schema.org","@graph":[{"@type":"WebPage","@id":"https:\/\/prozirkula.ch\/fr\/table-ronde-facility-management-circulaire\/","url":"https:\/\/prozirkula.ch\/fr\/table-ronde-facility-management-circulaire\/","name":"Table ronde : facility management circulaire - Prozirkula","isPartOf":{"@id":"https:\/\/prozirkula.ch\/fr\/#website"},"datePublished":"2025-08-06T06:43:21+00:00","dateModified":"2026-02-02T06:56:01+00:00","description":"L\u2019offre et la demande discutent ensemble de ce qu\u2019il faut pour mettre en \u0153uvre davantage de solutions circulaires dans la gestion d'installations.","breadcrumb":{"@id":"https:\/\/prozirkula.ch\/fr\/table-ronde-facility-management-circulaire\/#breadcrumb"},"inLanguage":"fr-FR","potentialAction":[{"@type":"ReadAction","target":["https:\/\/prozirkula.ch\/fr\/table-ronde-facility-management-circulaire\/"]}]},{"@type":"BreadcrumbList","@id":"https:\/\/prozirkula.ch\/fr\/table-ronde-facility-management-circulaire\/#breadcrumb","itemListElement":[{"@type":"ListItem","position":1,"name":"Startseite","item":"https:\/\/prozirkula.ch\/fr\/"},{"@type":"ListItem","position":2,"name":"Table ronde : facility management circulaire"}]},{"@type":"WebSite","@id":"https:\/\/prozirkula.ch\/fr\/#website","url":"https:\/\/prozirkula.ch\/fr\/","name":"Prozirkula","description":"Prozirkula \u2013 bringt Kreislaufwirtschaft in die \u00f6ffentliche Beschaffung","potentialAction":[{"@type":"SearchAction","target":{"@type":"EntryPoint","urlTemplate":"https:\/\/prozirkula.ch\/fr\/?s={search_term_string}"},"query-input":{"@type":"PropertyValueSpecification","valueRequired":true,"valueName":"search_term_string"}}],"inLanguage":"fr-FR"}]}},"_links":{"self":[{"href":"https:\/\/prozirkula.ch\/fr\/wp-json\/wp\/v2\/pages\/8040","targetHints":{"allow":["GET"]}}],"collection":[{"href":"https:\/\/prozirkula.ch\/fr\/wp-json\/wp\/v2\/pages"}],"about":[{"href":"https:\/\/prozirkula.ch\/fr\/wp-json\/wp\/v2\/types\/page"}],"author":[{"embeddable":true,"href":"https:\/\/prozirkula.ch\/fr\/wp-json\/wp\/v2\/users\/7"}],"replies":[{"embeddable":true,"href":"https:\/\/prozirkula.ch\/fr\/wp-json\/wp\/v2\/comments?post=8040"}],"version-history":[{"count":17,"href":"https:\/\/prozirkula.ch\/fr\/wp-json\/wp\/v2\/pages\/8040\/revisions"}],"predecessor-version":[{"id":8923,"href":"https:\/\/prozirkula.ch\/fr\/wp-json\/wp\/v2\/pages\/8040\/revisions\/8923"}],"wp:attachment":[{"href":"https:\/\/prozirkula.ch\/fr\/wp-json\/wp\/v2\/media?parent=8040"}],"curies":[{"name":"wp","href":"https:\/\/api.w.org\/{rel}","templated":true}]}}