{"id":8077,"date":"2025-08-20T11:54:42","date_gmt":"2025-08-20T11:54:42","guid":{"rendered":"https:\/\/prozirkula.ch\/?page_id=8077"},"modified":"2025-10-20T14:01:18","modified_gmt":"2025-10-20T14:01:18","slug":"erfa-5-plus-quun-appel-doffres","status":"publish","type":"page","link":"https:\/\/prozirkula.ch\/fr\/erfa-5-plus-quun-appel-doffres\/","title":{"rendered":"ERFA 5: Plus qu\u2019un appel d\u2019offres"},"content":{"rendered":"<p>[et_pb_section fb_built=\u00a0\u00bb1&Prime; _builder_version=\u00a0\u00bb4.24.0&Prime; _module_preset=\u00a0\u00bbdefault\u00a0\u00bb background_color=\u00a0\u00bb#FAF7F2&Prime; global_colors_info=\u00a0\u00bb{}\u00a0\u00bb][et_pb_row _builder_version=\u00a0\u00bb4.23.4&Prime; _module_preset=\u00a0\u00bbdefault\u00a0\u00bb global_colors_info=\u00a0\u00bb{}\u00a0\u00bb][et_pb_column type=\u00a0\u00bb4_4&Prime; _builder_version=\u00a0\u00bb4.23.4&Prime; _module_preset=\u00a0\u00bbdefault\u00a0\u00bb global_colors_info=\u00a0\u00bb{}\u00a0\u00bb][et_pb_text _builder_version=\u00a0\u00bb4.27.4&Prime; _module_preset=\u00a0\u00bbdefault\u00a0\u00bb global_colors_info=\u00a0\u00bb{}\u00a0\u00bb]<\/p>\n<h1><b><span>L&rsquo;achat circulaire <\/span><\/b><span>\u2013<\/span><\/h1>\n<h1><b><span>Plus qu\u2019un appel d\u2019offres<\/span><\/b><\/h1>\n<div><\/div>\n<p>[\/et_pb_text][\/et_pb_column][\/et_pb_row][et_pb_row _builder_version=\u00a0\u00bb4.23.4&Prime; _module_preset=\u00a0\u00bbdefault\u00a0\u00bb global_colors_info=\u00a0\u00bb{}\u00a0\u00bb][et_pb_column type=\u00a0\u00bb4_4&Prime; _builder_version=\u00a0\u00bb4.23.4&Prime; _module_preset=\u00a0\u00bbdefault\u00a0\u00bb global_colors_info=\u00a0\u00bb{}\u00a0\u00bb][et_pb_text _builder_version=\u00a0\u00bb4.27.4&Prime; _module_preset=\u00a0\u00bbdefault\u00a0\u00bb hover_enabled=\u00a0\u00bb0&Prime; global_colors_info=\u00a0\u00bb{}\u00a0\u00bb sticky_enabled=\u00a0\u00bb0&Prime;]<\/p>\n<h2><strong>\u00c9change d&rsquo;exp\u00e9riences <\/strong><\/h2>\n<h4>6 novembre 2025, 9h00 &#8211; 12h00<\/h4>\n<h4>Progr Atelier 368, Berne<\/h4>\n<p>&nbsp;<\/p>\n<p>Int\u00e9grer l\u2019\u00e9conomie circulaire dans les achats : nous pensons peut-\u00eatre d\u2019abord \u00e0 la formulation de crit\u00e8res concrets. Il ne fait aucun doute que c\u2019est un levier important pour demander aux fournisseurs de proposer des solutions circulaires. Mais c\u2019est de loin le seul : des leviers pour une meilleure pr\u00e9servation des ressources peuvent \u00eatre activ\u00e9s \u00e0 <strong>chaque \u00e9tape <\/strong><strong>du processus d\u2019achat<\/strong>, de l\u2019analyse des besoins \u00e0 la pr\u00e9paration du march\u00e9, en passant par la conception de l\u2019appel d\u2019offres et la gestion des fournisseurs, jusqu\u2019\u00e0 la maintenance et l\u2019utilisation des biens.<\/p>\n<p>Nous invitons les repr\u00e9sentants des services d\u2019achat publics \u00e0 partager leurs exp\u00e9riences de ce <strong>levier<\/strong> lors de cet \u00e9change. Comment parvenons-nous \u00e0 orienter le processus d\u2019achat de mani\u00e8re globale vers la pr\u00e9servation des ressources ? Quelles sont les exp\u00e9riences d\u2019autres services d\u2019achat en mati\u00e8re d\u2019int\u00e9gration du sujet dans la gestion des fournisseurs ? Comment parvenons-nous \u00e0 la fois \u00e0 transmettre les connaissances aux personnes responsables des achats et \u00e0 sensibiliser les services qui en ont besoin ? Et comment ancrer progressivement l\u2019orientation vers l\u2019\u00e9conomie circulaire dans l\u2019organisation ?<\/p>\n<p>En \u00e9coutant des <span>interventions passionante de la parte de:<\/span><\/p>\n<ul>\n<li style=\"list-style-type: none;\">\n<ul>\n<li>Flavia Senn, de la ville de Thoune<\/li>\n<li><span>Nana von Felten, du canton d&rsquo;Argovie<\/span><\/li>\n<li>Selina Sch\u00e4r, de la BLS<\/li>\n<\/ul>\n<\/li>\n<\/ul>\n<p><b>Groupe cible<\/b> : personnes du secteur des march\u00e9s publics<\/p>\n<p><span>L&rsquo;\u00e9change a lieu en allemand. <\/span><\/p>\n<p>[\/et_pb_text][\/et_pb_column][\/et_pb_row][\/et_pb_section][et_pb_section fb_built=\u00a0\u00bb1&Prime; _builder_version=\u00a0\u00bb4.27.3&Prime; _module_preset=\u00a0\u00bbdefault\u00a0\u00bb background_color=\u00a0\u00bb#FFFFFF\u00a0\u00bb global_colors_info=\u00a0\u00bb{}\u00a0\u00bb][et_pb_row _builder_version=\u00a0\u00bb4.27.3&Prime; _module_preset=\u00a0\u00bbdefault\u00a0\u00bb background_color=\u00a0\u00bb#FFFFFF\u00a0\u00bb global_colors_info=\u00a0\u00bb{}\u00a0\u00bb][et_pb_column type=\u00a0\u00bb4_4&Prime; _builder_version=\u00a0\u00bb4.24.0&Prime; _module_preset=\u00a0\u00bbdefault\u00a0\u00bb global_colors_info=\u00a0\u00bb{}\u00a0\u00bb][et_pb_text _builder_version=\u00a0\u00bb4.27.3&Prime; _module_preset=\u00a0\u00bbdefault\u00a0\u00bb global_colors_info=\u00a0\u00bb{}\u00a0\u00bb]<\/p>\n<h2>Inscription<\/h2>\n<p>[\/et_pb_text][\/et_pb_column][\/et_pb_row][et_pb_row _builder_version=\u00a0\u00bb4.27.3&Prime; _module_preset=\u00a0\u00bbdefault\u00a0\u00bb background_color=\u00a0\u00bb#FFFFFF\u00a0\u00bb global_colors_info=\u00a0\u00bb{}\u00a0\u00bb][et_pb_column type=\u00a0\u00bb4_4&Prime; _builder_version=\u00a0\u00bb4.24.0&Prime; _module_preset=\u00a0\u00bbdefault\u00a0\u00bb global_colors_info=\u00a0\u00bb{}\u00a0\u00bb][et_pb_code _builder_version=\u00a0\u00bb4.27.4&Prime; _module_preset=\u00a0\u00bbdefault\u00a0\u00bb global_colors_info=\u00a0\u00bb{}\u00a0\u00bb]<\/p>\n<div id=\"ticket-shop-5b29\"><\/div>\n<p><script src=\"https:\/\/embed.ticketpark.ch\/v1\/?c=ticket-shop-5b29&#038;p=5B29604B-472A-44DB-9DB9-86905C3A0A79&#038;l=fr\"><\/script>[\/et_pb_code][\/et_pb_column][\/et_pb_row][\/et_pb_section][et_pb_section fb_built=\u00a0\u00bb1&Prime; _builder_version=\u00a0\u00bb4.23.4&Prime; _module_preset=\u00a0\u00bbdefault\u00a0\u00bb background_color=\u00a0\u00bb#FAF7F2&Prime; global_colors_info=\u00a0\u00bb{}\u00a0\u00bb][et_pb_row column_structure=\u00a0\u00bb1_3,1_3,1_3&Prime; _builder_version=\u00a0\u00bb4.24.0&Prime; _module_preset=\u00a0\u00bbdefault\u00a0\u00bb background_color=\u00a0\u00bb#FAF7F2&Prime; global_colors_info=\u00a0\u00bb{}\u00a0\u00bb][et_pb_column type=\u00a0\u00bb1_3&Prime; _builder_version=\u00a0\u00bb4.24.0&Prime; _module_preset=\u00a0\u00bbdefault\u00a0\u00bb global_colors_info=\u00a0\u00bb{}\u00a0\u00bb][\/et_pb_column][et_pb_column type=\u00a0\u00bb1_3&Prime; _builder_version=\u00a0\u00bb4.24.0&Prime; _module_preset=\u00a0\u00bbdefault\u00a0\u00bb background_color=\u00a0\u00bb#FAF7F2&Prime; global_colors_info=\u00a0\u00bb{}\u00a0\u00bb][et_pb_image src=\u00a0\u00bbhttps:\/\/prozirkula.ch\/wp-content\/uploads\/2024\/01\/BAFU_f_RGB_pos_hoch.gif\u00a0\u00bb title_text=\u00a0\u00bbBAFU_f_RGB_pos_hoch\u00a0\u00bb _builder_version=\u00a0\u00bb4.27.4&Prime; _module_preset=\u00a0\u00bbdefault\u00a0\u00bb global_colors_info=\u00a0\u00bb{}\u00a0\u00bb][\/et_pb_image][\/et_pb_column][et_pb_column type=\u00a0\u00bb1_3&Prime; _builder_version=\u00a0\u00bb4.24.0&Prime; _module_preset=\u00a0\u00bbdefault\u00a0\u00bb global_colors_info=\u00a0\u00bb{}\u00a0\u00bb][\/et_pb_column][\/et_pb_row][\/et_pb_section]<\/p>\n","protected":false},"excerpt":{"rendered":"<p>L&rsquo;achat circulaire \u2013 Plus qu\u2019un appel d\u2019offres \u00c9change d&rsquo;exp\u00e9riences 6 novembre 2025, 9h00 &#8211; 12h00 Progr Atelier 368, Berne &nbsp; Int\u00e9grer l\u2019\u00e9conomie circulaire dans les achats : nous pensons peut-\u00eatre d\u2019abord \u00e0 la formulation de crit\u00e8res concrets. Il ne fait aucun doute que c\u2019est un levier important pour demander aux fournisseurs de proposer des solutions [&hellip;]<\/p>\n","protected":false},"author":7,"featured_media":0,"parent":0,"menu_order":0,"comment_status":"closed","ping_status":"closed","template":"","meta":{"_acf_changed":false,"_et_pb_use_builder":"on","_et_pb_old_content":"","_et_gb_content_width":"","inline_featured_image":false,"footnotes":""},"class_list":["post-8077","page","type-page","status-publish","hentry"],"acf":[],"yoast_head":"<!-- This site is optimized with the Yoast SEO plugin v27.4 - https:\/\/yoast.com\/product\/yoast-seo-wordpress\/ -->\n<title>L&#039;achat circulaire \u2013 Plus qu&#039;un appel d&#039;offres<\/title>\n<meta name=\"description\" content=\"L&#039;Office f\u00e9d\u00e9ral de l&#039;environnement et Prozirkula vous invitent \u00e0 un \u00e9change d&#039;exp\u00e9riences. Groupe cible : collaborateurs des organisations d\u2019achat.\" \/>\n<meta name=\"robots\" content=\"index, follow, max-snippet:-1, max-image-preview:large, max-video-preview:-1\" \/>\n<link rel=\"canonical\" href=\"https:\/\/prozirkula.ch\/fr\/erfa-5-plus-quun-appel-doffres\/\" \/>\n<meta property=\"og:locale\" content=\"fr_FR\" \/>\n<meta property=\"og:type\" content=\"article\" \/>\n<meta property=\"og:title\" content=\"L&#039;achat circulaire \u2013 Plus qu&#039;un appel d&#039;offres\" \/>\n<meta property=\"og:description\" content=\"L&#039;Office f\u00e9d\u00e9ral de l&#039;environnement et Prozirkula vous invitent \u00e0 un \u00e9change d&#039;exp\u00e9riences. Groupe cible : collaborateurs des organisations d\u2019achat.\" \/>\n<meta property=\"og:url\" content=\"https:\/\/prozirkula.ch\/fr\/erfa-5-plus-quun-appel-doffres\/\" \/>\n<meta property=\"og:site_name\" content=\"Prozirkula\" \/>\n<meta property=\"article:modified_time\" content=\"2025-10-20T14:01:18+00:00\" \/>\n<meta name=\"twitter:card\" content=\"summary_large_image\" \/>\n<meta name=\"twitter:label1\" content=\"Dur\u00e9e de lecture estim\u00e9e\" \/>\n\t<meta name=\"twitter:data1\" content=\"3 minutes\" \/>\n<script type=\"application\/ld+json\" class=\"yoast-schema-graph\">{\"@context\":\"https:\\\/\\\/schema.org\",\"@graph\":[{\"@type\":\"WebPage\",\"@id\":\"https:\\\/\\\/prozirkula.ch\\\/fr\\\/erfa-5-plus-quun-appel-doffres\\\/\",\"url\":\"https:\\\/\\\/prozirkula.ch\\\/fr\\\/erfa-5-plus-quun-appel-doffres\\\/\",\"name\":\"L'achat circulaire \u2013 Plus qu'un appel d'offres\",\"isPartOf\":{\"@id\":\"https:\\\/\\\/prozirkula.ch\\\/fr\\\/#website\"},\"datePublished\":\"2025-08-20T11:54:42+00:00\",\"dateModified\":\"2025-10-20T14:01:18+00:00\",\"description\":\"L'Office f\u00e9d\u00e9ral de l'environnement et Prozirkula vous invitent \u00e0 un \u00e9change d'exp\u00e9riences. Groupe cible : collaborateurs des organisations d\u2019achat.\",\"breadcrumb\":{\"@id\":\"https:\\\/\\\/prozirkula.ch\\\/fr\\\/erfa-5-plus-quun-appel-doffres\\\/#breadcrumb\"},\"inLanguage\":\"fr-FR\",\"potentialAction\":[{\"@type\":\"ReadAction\",\"target\":[\"https:\\\/\\\/prozirkula.ch\\\/fr\\\/erfa-5-plus-quun-appel-doffres\\\/\"]}]},{\"@type\":\"BreadcrumbList\",\"@id\":\"https:\\\/\\\/prozirkula.ch\\\/fr\\\/erfa-5-plus-quun-appel-doffres\\\/#breadcrumb\",\"itemListElement\":[{\"@type\":\"ListItem\",\"position\":1,\"name\":\"Startseite\",\"item\":\"https:\\\/\\\/prozirkula.ch\\\/fr\\\/\"},{\"@type\":\"ListItem\",\"position\":2,\"name\":\"ERFA 5: Plus qu\u2019un appel d\u2019offres\"}]},{\"@type\":\"WebSite\",\"@id\":\"https:\\\/\\\/prozirkula.ch\\\/fr\\\/#website\",\"url\":\"https:\\\/\\\/prozirkula.ch\\\/fr\\\/\",\"name\":\"Prozirkula\",\"description\":\"Prozirkula \u2013 bringt Kreislaufwirtschaft in die \u00f6ffentliche Beschaffung\",\"potentialAction\":[{\"@type\":\"SearchAction\",\"target\":{\"@type\":\"EntryPoint\",\"urlTemplate\":\"https:\\\/\\\/prozirkula.ch\\\/fr\\\/?s={search_term_string}\"},\"query-input\":{\"@type\":\"PropertyValueSpecification\",\"valueRequired\":true,\"valueName\":\"search_term_string\"}}],\"inLanguage\":\"fr-FR\"}]}<\/script>\n<!-- \/ Yoast SEO plugin. -->","yoast_head_json":{"title":"L'achat circulaire \u2013 Plus qu'un appel d'offres","description":"L'Office f\u00e9d\u00e9ral de l'environnement et Prozirkula vous invitent \u00e0 un \u00e9change d'exp\u00e9riences. Groupe cible : collaborateurs des organisations d\u2019achat.","robots":{"index":"index","follow":"follow","max-snippet":"max-snippet:-1","max-image-preview":"max-image-preview:large","max-video-preview":"max-video-preview:-1"},"canonical":"https:\/\/prozirkula.ch\/fr\/erfa-5-plus-quun-appel-doffres\/","og_locale":"fr_FR","og_type":"article","og_title":"L'achat circulaire \u2013 Plus qu'un appel d'offres","og_description":"L'Office f\u00e9d\u00e9ral de l'environnement et Prozirkula vous invitent \u00e0 un \u00e9change d'exp\u00e9riences. Groupe cible : collaborateurs des organisations d\u2019achat.","og_url":"https:\/\/prozirkula.ch\/fr\/erfa-5-plus-quun-appel-doffres\/","og_site_name":"Prozirkula","article_modified_time":"2025-10-20T14:01:18+00:00","twitter_card":"summary_large_image","twitter_misc":{"Dur\u00e9e de lecture estim\u00e9e":"3 minutes"},"schema":{"@context":"https:\/\/schema.org","@graph":[{"@type":"WebPage","@id":"https:\/\/prozirkula.ch\/fr\/erfa-5-plus-quun-appel-doffres\/","url":"https:\/\/prozirkula.ch\/fr\/erfa-5-plus-quun-appel-doffres\/","name":"L'achat circulaire \u2013 Plus qu'un appel d'offres","isPartOf":{"@id":"https:\/\/prozirkula.ch\/fr\/#website"},"datePublished":"2025-08-20T11:54:42+00:00","dateModified":"2025-10-20T14:01:18+00:00","description":"L'Office f\u00e9d\u00e9ral de l'environnement et Prozirkula vous invitent \u00e0 un \u00e9change d'exp\u00e9riences. Groupe cible : collaborateurs des organisations d\u2019achat.","breadcrumb":{"@id":"https:\/\/prozirkula.ch\/fr\/erfa-5-plus-quun-appel-doffres\/#breadcrumb"},"inLanguage":"fr-FR","potentialAction":[{"@type":"ReadAction","target":["https:\/\/prozirkula.ch\/fr\/erfa-5-plus-quun-appel-doffres\/"]}]},{"@type":"BreadcrumbList","@id":"https:\/\/prozirkula.ch\/fr\/erfa-5-plus-quun-appel-doffres\/#breadcrumb","itemListElement":[{"@type":"ListItem","position":1,"name":"Startseite","item":"https:\/\/prozirkula.ch\/fr\/"},{"@type":"ListItem","position":2,"name":"ERFA 5: Plus qu\u2019un appel d\u2019offres"}]},{"@type":"WebSite","@id":"https:\/\/prozirkula.ch\/fr\/#website","url":"https:\/\/prozirkula.ch\/fr\/","name":"Prozirkula","description":"Prozirkula \u2013 bringt Kreislaufwirtschaft in die \u00f6ffentliche Beschaffung","potentialAction":[{"@type":"SearchAction","target":{"@type":"EntryPoint","urlTemplate":"https:\/\/prozirkula.ch\/fr\/?s={search_term_string}"},"query-input":{"@type":"PropertyValueSpecification","valueRequired":true,"valueName":"search_term_string"}}],"inLanguage":"fr-FR"}]}},"_links":{"self":[{"href":"https:\/\/prozirkula.ch\/fr\/wp-json\/wp\/v2\/pages\/8077","targetHints":{"allow":["GET"]}}],"collection":[{"href":"https:\/\/prozirkula.ch\/fr\/wp-json\/wp\/v2\/pages"}],"about":[{"href":"https:\/\/prozirkula.ch\/fr\/wp-json\/wp\/v2\/types\/page"}],"author":[{"embeddable":true,"href":"https:\/\/prozirkula.ch\/fr\/wp-json\/wp\/v2\/users\/7"}],"replies":[{"embeddable":true,"href":"https:\/\/prozirkula.ch\/fr\/wp-json\/wp\/v2\/comments?post=8077"}],"version-history":[{"count":12,"href":"https:\/\/prozirkula.ch\/fr\/wp-json\/wp\/v2\/pages\/8077\/revisions"}],"predecessor-version":[{"id":8242,"href":"https:\/\/prozirkula.ch\/fr\/wp-json\/wp\/v2\/pages\/8077\/revisions\/8242"}],"wp:attachment":[{"href":"https:\/\/prozirkula.ch\/fr\/wp-json\/wp\/v2\/media?parent=8077"}],"curies":[{"name":"wp","href":"https:\/\/api.w.org\/{rel}","templated":true}]}}