{"id":8481,"date":"2025-11-27T13:06:08","date_gmt":"2025-11-27T13:06:08","guid":{"rendered":"https:\/\/prozirkula.ch\/?page_id=8481"},"modified":"2025-12-22T09:59:28","modified_gmt":"2025-12-22T09:59:28","slug":"erfa-2-2026","status":"publish","type":"page","link":"https:\/\/prozirkula.ch\/fr\/erfa-2-2026\/","title":{"rendered":"ERFA 2, 2026"},"content":{"rendered":"<p>[et_pb_section fb_built=\u00a0\u00bb1&Prime; _builder_version=\u00a0\u00bb4.24.0&Prime; _module_preset=\u00a0\u00bbdefault\u00a0\u00bb background_color=\u00a0\u00bb#FAF7F2&Prime; global_colors_info=\u00a0\u00bb{}\u00a0\u00bb][et_pb_row _builder_version=\u00a0\u00bb4.23.4&Prime; _module_preset=\u00a0\u00bbdefault\u00a0\u00bb global_colors_info=\u00a0\u00bb{}\u00a0\u00bb][et_pb_column type=\u00a0\u00bb4_4&Prime; _builder_version=\u00a0\u00bb4.23.4&Prime; _module_preset=\u00a0\u00bbdefault\u00a0\u00bb global_colors_info=\u00a0\u00bb{}\u00a0\u00bb][et_pb_text _builder_version=\u00a0\u00bb4.27.5&Prime; _module_preset=\u00a0\u00bbdefault\u00a0\u00bb global_colors_info=\u00a0\u00bb{}\u00a0\u00bb]<\/p>\n<h1 style=\"font-weight: 400;\"><strong>Achat circulaire \u2013 plus qu\u2019un appel d\u2019offres<\/strong><\/h1>\n<div><\/div>\n<div><\/div>\n<p>[\/et_pb_text][\/et_pb_column][\/et_pb_row][et_pb_row _builder_version=\u00a0\u00bb4.23.4&Prime; _module_preset=\u00a0\u00bbdefault\u00a0\u00bb global_colors_info=\u00a0\u00bb{}\u00a0\u00bb][et_pb_column type=\u00a0\u00bb4_4&Prime; _builder_version=\u00a0\u00bb4.23.4&Prime; _module_preset=\u00a0\u00bbdefault\u00a0\u00bb global_colors_info=\u00a0\u00bb{}\u00a0\u00bb][et_pb_text _builder_version=\u00a0\u00bb4.27.5&Prime; _module_preset=\u00a0\u00bbdefault\u00a0\u00bb global_colors_info=\u00a0\u00bb{}\u00a0\u00bb]<\/p>\n<h2><strong>\u00c9change d&rsquo;exp\u00e9riences <\/strong><\/h2>\n<h4>3 novembre 2026, 9h00 <span>\u2013 <\/span> 12h00<\/h4>\n<h4>Tibits, Lausanne<\/h4>\n<p>&nbsp;<\/p>\n<div>\n<p>L&rsquo;Office f\u00e9d\u00e9ral de l&rsquo;environnement et Prozirkula vous invitent \u00e0 un \u00e9change d&rsquo;exp\u00e9riences.<\/p>\n<p><span>Au centre de cet \u00e9change d\u2019exp\u00e9riences se trouve la question de savoir quels <strong>leviers<\/strong> les organisations d\u2019achat ont \u00e0 leur disposition pour orienter le processus d\u2019achat de mani\u00e8re globale vers une pr\u00e9servation des ressources. Il y aura de br\u00e8ves pr\u00e9sentations et ensuite des discussions en petits groupes. Les th\u00e8mes suivants seront discut\u00e9 :   <\/span><span><\/span><span><\/span><\/p>\n<p><span><\/span><\/p>\n<ul>\n<li style=\"list-style-type: none;\">\n<ul>\n<li><span>Leviers <strong>avant<\/strong> l\u2019appel d\u2019offres (collaboration entre les services, analyse des besoins, pr\u00e9paration du march\u00e9, d\u00e9veloppement des connaissances)<\/span><\/li>\n<li><span>Leviers <strong>apr\u00e8s<\/strong> l\u2019appel d\u2019offres (s\u00e9curisation des connaissances, ancrage organisationnel, gestion des fournisseurs) <\/span><\/li>\n<\/ul>\n<\/li>\n<\/ul>\n<\/div>\n<p><b>Groupe cible<\/b> : personnes responsables des achats du march\u00e9 publiques et\/ou de la durabilit\u00e9<\/p>\n<p>&nbsp;<\/p>\n<p><span>Le nombre de participant.e.s est limit\u00e9 \u00e0 25 personnes.<\/span><\/p>\n<p>[\/et_pb_text][\/et_pb_column][\/et_pb_row][\/et_pb_section][et_pb_section fb_built=\u00a0\u00bb1&Prime; _builder_version=\u00a0\u00bb4.27.3&Prime; _module_preset=\u00a0\u00bbdefault\u00a0\u00bb background_color=\u00a0\u00bb#FFFFFF\u00a0\u00bb global_colors_info=\u00a0\u00bb{}\u00a0\u00bb][et_pb_row _builder_version=\u00a0\u00bb4.27.3&Prime; _module_preset=\u00a0\u00bbdefault\u00a0\u00bb background_color=\u00a0\u00bb#FFFFFF\u00a0\u00bb global_colors_info=\u00a0\u00bb{}\u00a0\u00bb][et_pb_column type=\u00a0\u00bb4_4&Prime; _builder_version=\u00a0\u00bb4.24.0&Prime; _module_preset=\u00a0\u00bbdefault\u00a0\u00bb global_colors_info=\u00a0\u00bb{}\u00a0\u00bb][et_pb_text _builder_version=\u00a0\u00bb4.27.3&Prime; _module_preset=\u00a0\u00bbdefault\u00a0\u00bb global_colors_info=\u00a0\u00bb{}\u00a0\u00bb]<\/p>\n<h2>Inscription<\/h2>\n<p>[\/et_pb_text][\/et_pb_column][\/et_pb_row][et_pb_row _builder_version=\u00a0\u00bb4.27.3&Prime; _module_preset=\u00a0\u00bbdefault\u00a0\u00bb background_color=\u00a0\u00bb#FFFFFF\u00a0\u00bb global_colors_info=\u00a0\u00bb{}\u00a0\u00bb][et_pb_column type=\u00a0\u00bb4_4&Prime; _builder_version=\u00a0\u00bb4.24.0&Prime; _module_preset=\u00a0\u00bbdefault\u00a0\u00bb global_colors_info=\u00a0\u00bb{}\u00a0\u00bb][et_pb_code _builder_version=\u00a0\u00bb4.27.4&Prime; _module_preset=\u00a0\u00bbdefault\u00a0\u00bb global_colors_info=\u00a0\u00bb{}\u00a0\u00bb]<\/p>\n<div id=\"ticket-shop-8092\"><\/div>\n<p><script src=\"https:\/\/embed.ticketpark.ch\/v1\/?c=ticket-shop-8092&#038;p=809285BD-89C1-43B8-9CB7-80E40A880C38&#038;l=fr\"><\/script>[\/et_pb_code][\/et_pb_column][\/et_pb_row][\/et_pb_section][et_pb_section fb_built=\u00a0\u00bb1&Prime; _builder_version=\u00a0\u00bb4.23.4&Prime; _module_preset=\u00a0\u00bbdefault\u00a0\u00bb background_color=\u00a0\u00bb#FAF7F2&Prime; global_colors_info=\u00a0\u00bb{}\u00a0\u00bb][et_pb_row column_structure=\u00a0\u00bb1_3,1_3,1_3&Prime; _builder_version=\u00a0\u00bb4.24.0&Prime; _module_preset=\u00a0\u00bbdefault\u00a0\u00bb background_color=\u00a0\u00bb#FAF7F2&Prime; global_colors_info=\u00a0\u00bb{}\u00a0\u00bb][et_pb_column type=\u00a0\u00bb1_3&Prime; _builder_version=\u00a0\u00bb4.24.0&Prime; _module_preset=\u00a0\u00bbdefault\u00a0\u00bb global_colors_info=\u00a0\u00bb{}\u00a0\u00bb][\/et_pb_column][et_pb_column type=\u00a0\u00bb1_3&Prime; _builder_version=\u00a0\u00bb4.24.0&Prime; _module_preset=\u00a0\u00bbdefault\u00a0\u00bb background_color=\u00a0\u00bb#FAF7F2&Prime; global_colors_info=\u00a0\u00bb{}\u00a0\u00bb][et_pb_image src=\u00a0\u00bbhttps:\/\/prozirkula.ch\/wp-content\/uploads\/2024\/01\/BAFU_f_RGB_pos_hoch.gif\u00a0\u00bb title_text=\u00a0\u00bbBAFU_f_RGB_pos_hoch\u00a0\u00bb _builder_version=\u00a0\u00bb4.27.5&Prime; _module_preset=\u00a0\u00bbdefault\u00a0\u00bb hover_enabled=\u00a0\u00bb0&Prime; global_colors_info=\u00a0\u00bb{}\u00a0\u00bb sticky_enabled=\u00a0\u00bb0&Prime;][\/et_pb_image][\/et_pb_column][et_pb_column type=\u00a0\u00bb1_3&Prime; _builder_version=\u00a0\u00bb4.24.0&Prime; _module_preset=\u00a0\u00bbdefault\u00a0\u00bb global_colors_info=\u00a0\u00bb{}\u00a0\u00bb][\/et_pb_column][\/et_pb_row][\/et_pb_section]<\/p>\n","protected":false},"excerpt":{"rendered":"<p>Achat circulaire \u2013 plus qu\u2019un appel d\u2019offres \u00c9change d&rsquo;exp\u00e9riences 3 novembre 2026, 9h00 \u2013 12h00 Tibits, Lausanne &nbsp; L&rsquo;Office f\u00e9d\u00e9ral de l&rsquo;environnement et Prozirkula vous invitent \u00e0 un \u00e9change d&rsquo;exp\u00e9riences. Au centre de cet \u00e9change d\u2019exp\u00e9riences se trouve la question de savoir quels leviers les organisations d\u2019achat ont \u00e0 leur disposition pour orienter le processus [&hellip;]<\/p>\n","protected":false},"author":7,"featured_media":0,"parent":0,"menu_order":0,"comment_status":"closed","ping_status":"closed","template":"","meta":{"_acf_changed":false,"_et_pb_use_builder":"on","_et_pb_old_content":"","_et_gb_content_width":"","inline_featured_image":false,"footnotes":""},"class_list":["post-8481","page","type-page","status-publish","hentry"],"acf":[],"yoast_head":"<!-- This site is optimized with the Yoast SEO plugin v27.6 - https:\/\/yoast.com\/product\/yoast-seo-wordpress\/ -->\n<title>\u00c9change d&#039;exp\u00e9rience (DE)<\/title>\n<meta name=\"description\" content=\"L&#039;Office f\u00e9d\u00e9ral de l&#039;environnement et Prozirkula vous invitent \u00e0 un \u00e9change d&#039;exp\u00e9riences. Groupe cible : collaborateurs des organisations d\u2019achat.\" \/>\n<meta name=\"robots\" content=\"index, follow, max-snippet:-1, max-image-preview:large, max-video-preview:-1\" \/>\n<link rel=\"canonical\" href=\"https:\/\/prozirkula.ch\/fr\/erfa-2-2026\/\" \/>\n<meta property=\"og:locale\" content=\"fr_FR\" \/>\n<meta property=\"og:type\" content=\"article\" \/>\n<meta property=\"og:title\" content=\"\u00c9change d&#039;exp\u00e9rience (DE)\" \/>\n<meta property=\"og:description\" content=\"L&#039;Office f\u00e9d\u00e9ral de l&#039;environnement et Prozirkula vous invitent \u00e0 un \u00e9change d&#039;exp\u00e9riences. Groupe cible : collaborateurs des organisations d\u2019achat.\" \/>\n<meta property=\"og:url\" content=\"https:\/\/prozirkula.ch\/fr\/erfa-2-2026\/\" \/>\n<meta property=\"og:site_name\" content=\"Prozirkula\" \/>\n<meta property=\"article:modified_time\" content=\"2025-12-22T09:59:28+00:00\" \/>\n<meta name=\"twitter:card\" content=\"summary_large_image\" \/>\n<meta name=\"twitter:label1\" content=\"Dur\u00e9e de lecture estim\u00e9e\" \/>\n\t<meta name=\"twitter:data1\" content=\"2 minutes\" \/>\n<script type=\"application\/ld+json\" class=\"yoast-schema-graph\">{\"@context\":\"https:\\\/\\\/schema.org\",\"@graph\":[{\"@type\":\"WebPage\",\"@id\":\"https:\\\/\\\/prozirkula.ch\\\/fr\\\/erfa-2-2026\\\/\",\"url\":\"https:\\\/\\\/prozirkula.ch\\\/fr\\\/erfa-2-2026\\\/\",\"name\":\"\u00c9change d'exp\u00e9rience (DE)\",\"isPartOf\":{\"@id\":\"https:\\\/\\\/prozirkula.ch\\\/fr\\\/#website\"},\"datePublished\":\"2025-11-27T13:06:08+00:00\",\"dateModified\":\"2025-12-22T09:59:28+00:00\",\"description\":\"L'Office f\u00e9d\u00e9ral de l'environnement et Prozirkula vous invitent \u00e0 un \u00e9change d'exp\u00e9riences. Groupe cible : collaborateurs des organisations d\u2019achat.\",\"breadcrumb\":{\"@id\":\"https:\\\/\\\/prozirkula.ch\\\/fr\\\/erfa-2-2026\\\/#breadcrumb\"},\"inLanguage\":\"fr-FR\",\"potentialAction\":[{\"@type\":\"ReadAction\",\"target\":[\"https:\\\/\\\/prozirkula.ch\\\/fr\\\/erfa-2-2026\\\/\"]}]},{\"@type\":\"BreadcrumbList\",\"@id\":\"https:\\\/\\\/prozirkula.ch\\\/fr\\\/erfa-2-2026\\\/#breadcrumb\",\"itemListElement\":[{\"@type\":\"ListItem\",\"position\":1,\"name\":\"Startseite\",\"item\":\"https:\\\/\\\/prozirkula.ch\\\/fr\\\/\"},{\"@type\":\"ListItem\",\"position\":2,\"name\":\"ERFA 2, 2026\"}]},{\"@type\":\"WebSite\",\"@id\":\"https:\\\/\\\/prozirkula.ch\\\/fr\\\/#website\",\"url\":\"https:\\\/\\\/prozirkula.ch\\\/fr\\\/\",\"name\":\"Prozirkula\",\"description\":\"Prozirkula \u2013 bringt Kreislaufwirtschaft in die \u00f6ffentliche Beschaffung\",\"potentialAction\":[{\"@type\":\"SearchAction\",\"target\":{\"@type\":\"EntryPoint\",\"urlTemplate\":\"https:\\\/\\\/prozirkula.ch\\\/fr\\\/?s={search_term_string}\"},\"query-input\":{\"@type\":\"PropertyValueSpecification\",\"valueRequired\":true,\"valueName\":\"search_term_string\"}}],\"inLanguage\":\"fr-FR\"}]}<\/script>\n<!-- \/ Yoast SEO plugin. -->","yoast_head_json":{"title":"\u00c9change d'exp\u00e9rience (DE)","description":"L'Office f\u00e9d\u00e9ral de l'environnement et Prozirkula vous invitent \u00e0 un \u00e9change d'exp\u00e9riences. Groupe cible : collaborateurs des organisations d\u2019achat.","robots":{"index":"index","follow":"follow","max-snippet":"max-snippet:-1","max-image-preview":"max-image-preview:large","max-video-preview":"max-video-preview:-1"},"canonical":"https:\/\/prozirkula.ch\/fr\/erfa-2-2026\/","og_locale":"fr_FR","og_type":"article","og_title":"\u00c9change d'exp\u00e9rience (DE)","og_description":"L'Office f\u00e9d\u00e9ral de l'environnement et Prozirkula vous invitent \u00e0 un \u00e9change d'exp\u00e9riences. Groupe cible : collaborateurs des organisations d\u2019achat.","og_url":"https:\/\/prozirkula.ch\/fr\/erfa-2-2026\/","og_site_name":"Prozirkula","article_modified_time":"2025-12-22T09:59:28+00:00","twitter_card":"summary_large_image","twitter_misc":{"Dur\u00e9e de lecture estim\u00e9e":"2 minutes"},"schema":{"@context":"https:\/\/schema.org","@graph":[{"@type":"WebPage","@id":"https:\/\/prozirkula.ch\/fr\/erfa-2-2026\/","url":"https:\/\/prozirkula.ch\/fr\/erfa-2-2026\/","name":"\u00c9change d'exp\u00e9rience (DE)","isPartOf":{"@id":"https:\/\/prozirkula.ch\/fr\/#website"},"datePublished":"2025-11-27T13:06:08+00:00","dateModified":"2025-12-22T09:59:28+00:00","description":"L'Office f\u00e9d\u00e9ral de l'environnement et Prozirkula vous invitent \u00e0 un \u00e9change d'exp\u00e9riences. Groupe cible : collaborateurs des organisations d\u2019achat.","breadcrumb":{"@id":"https:\/\/prozirkula.ch\/fr\/erfa-2-2026\/#breadcrumb"},"inLanguage":"fr-FR","potentialAction":[{"@type":"ReadAction","target":["https:\/\/prozirkula.ch\/fr\/erfa-2-2026\/"]}]},{"@type":"BreadcrumbList","@id":"https:\/\/prozirkula.ch\/fr\/erfa-2-2026\/#breadcrumb","itemListElement":[{"@type":"ListItem","position":1,"name":"Startseite","item":"https:\/\/prozirkula.ch\/fr\/"},{"@type":"ListItem","position":2,"name":"ERFA 2, 2026"}]},{"@type":"WebSite","@id":"https:\/\/prozirkula.ch\/fr\/#website","url":"https:\/\/prozirkula.ch\/fr\/","name":"Prozirkula","description":"Prozirkula \u2013 bringt Kreislaufwirtschaft in die \u00f6ffentliche Beschaffung","potentialAction":[{"@type":"SearchAction","target":{"@type":"EntryPoint","urlTemplate":"https:\/\/prozirkula.ch\/fr\/?s={search_term_string}"},"query-input":{"@type":"PropertyValueSpecification","valueRequired":true,"valueName":"search_term_string"}}],"inLanguage":"fr-FR"}]}},"_links":{"self":[{"href":"https:\/\/prozirkula.ch\/fr\/wp-json\/wp\/v2\/pages\/8481","targetHints":{"allow":["GET"]}}],"collection":[{"href":"https:\/\/prozirkula.ch\/fr\/wp-json\/wp\/v2\/pages"}],"about":[{"href":"https:\/\/prozirkula.ch\/fr\/wp-json\/wp\/v2\/types\/page"}],"author":[{"embeddable":true,"href":"https:\/\/prozirkula.ch\/fr\/wp-json\/wp\/v2\/users\/7"}],"replies":[{"embeddable":true,"href":"https:\/\/prozirkula.ch\/fr\/wp-json\/wp\/v2\/comments?post=8481"}],"version-history":[{"count":14,"href":"https:\/\/prozirkula.ch\/fr\/wp-json\/wp\/v2\/pages\/8481\/revisions"}],"predecessor-version":[{"id":8856,"href":"https:\/\/prozirkula.ch\/fr\/wp-json\/wp\/v2\/pages\/8481\/revisions\/8856"}],"wp:attachment":[{"href":"https:\/\/prozirkula.ch\/fr\/wp-json\/wp\/v2\/media?parent=8481"}],"curies":[{"name":"wp","href":"https:\/\/api.w.org\/{rel}","templated":true}]}}