{"id":9025,"date":"2026-02-24T12:35:19","date_gmt":"2026-02-24T12:35:19","guid":{"rendered":"https:\/\/prozirkula.ch\/table-ronde-2027-2\/"},"modified":"2026-02-26T08:26:40","modified_gmt":"2026-02-26T08:26:40","slug":"table-ronde-2027-2","status":"publish","type":"page","link":"https:\/\/prozirkula.ch\/fr\/table-ronde-2027-2\/","title":{"rendered":"Table ronde 2027"},"content":{"rendered":"<p>[et_pb_section fb_built=\u00a0\u00bb1&Prime; _builder_version=\u00a0\u00bb4.23.4&Prime; _module_preset=\u00a0\u00bbdefault\u00a0\u00bb background_color=\u00a0\u00bb#FAF7F2&Prime; global_colors_info=\u00a0\u00bb{}\u00a0\u00bb][et_pb_row _builder_version=\u00a0\u00bb4.23.4&Prime; _module_preset=\u00a0\u00bbdefault\u00a0\u00bb global_colors_info=\u00a0\u00bb{}\u00a0\u00bb][et_pb_column type=\u00a0\u00bb4_4&Prime; _builder_version=\u00a0\u00bb4.23.4&Prime; _module_preset=\u00a0\u00bbdefault\u00a0\u00bb global_colors_info=\u00a0\u00bb{}\u00a0\u00bb][et_pb_text _builder_version=\u00a0\u00bb4.27.5&Prime; _module_preset=\u00a0\u00bbdefault\u00a0\u00bb global_colors_info=\u00a0\u00bb{}\u00a0\u00bb]<\/p>\n<h1>Table ronde<\/h1>\n<p>[\/et_pb_text][\/et_pb_column][\/et_pb_row][et_pb_row _builder_version=\u00a0\u00bb4.23.4&Prime; _module_preset=\u00a0\u00bbdefault\u00a0\u00bb global_colors_info=\u00a0\u00bb{}\u00a0\u00bb][et_pb_column type=\u00a0\u00bb4_4&Prime; _builder_version=\u00a0\u00bb4.23.4&Prime; _module_preset=\u00a0\u00bbdefault\u00a0\u00bb global_colors_info=\u00a0\u00bb{}\u00a0\u00bb][et_pb_text _builder_version=\u00a0\u00bb4.27.5&Prime; _module_preset=\u00a0\u00bbdefault\u00a0\u00bb hover_enabled=\u00a0\u00bb0&Prime; global_colors_info=\u00a0\u00bb{}\u00a0\u00bb sticky_enabled=\u00a0\u00bb0&Prime;]<\/p>\n<h4>19 janvier 2027, 9h30 &#8211; 17h00<\/h4>\n<h4>Aula Progr, Berne<\/h4>\n<p>[\/et_pb_text][\/et_pb_column][\/et_pb_row][et_pb_row _builder_version=\u00a0\u00bb4.23.4&Prime; _module_preset=\u00a0\u00bbdefault\u00a0\u00bb global_colors_info=\u00a0\u00bb{}\u00a0\u00bb][et_pb_column type=\u00a0\u00bb4_4&Prime; _builder_version=\u00a0\u00bb4.23.4&Prime; _module_preset=\u00a0\u00bbdefault\u00a0\u00bb global_colors_info=\u00a0\u00bb{}\u00a0\u00bb][et_pb_text _builder_version=\u00a0\u00bb4.27.5&Prime; _module_preset=\u00a0\u00bbdefault\u00a0\u00bb global_colors_info=\u00a0\u00bb{}\u00a0\u00bb]<\/p>\n<p><span>L\u2019offre rencontre la demande, et le dialogue est au c\u0153ur de cet \u00e9change. Nous souhaitons discuter avec vous de ce qu\u2019il faut pour mettre en \u0153uvre davantage de solutions circulaires.  <\/span><span>Le th\u00e8me pr\u00e9cis sera communiqu\u00e9 ult\u00e9rieurement.<\/span><\/p>\n<p><span><\/span><\/p>\n<p><span>L\u2019\u00e9change est b\u00e9n\u00e9fique pour tous les acteurs du march\u00e9\u202f:<\/span><\/p>\n<p><span><b>Demande<\/b> : Quelle est l&rsquo;ambition des pouvoirs publics ? A quoi accorderont-ils de l&rsquo;importance dans les futurs appels d&rsquo;offres ? <\/span><\/p>\n<p><span>Vos avantages :<\/span><\/p>\n<ul>\n<ul>\n<li><span>Remplace une partie de l\u2019analyse de march\u00e9 n\u00e9cessaire<\/span><\/li>\n<li><span>Connaissance des derni\u00e8res innovations (avant m\u00eame qu\u2019elles ne puissent \u00eatre officiellement command\u00e9es)<\/span><\/li>\n<li><span>\u00c9change avec d\u2019autres repr\u00e9sentant(e)s des services d\u2019achats publics <\/span><\/li>\n<\/ul>\n<\/ul>\n<p><span><b>Offre <\/b>: Quels aspects de l\u2019\u00e9conomie circulaire sont d\u00e9j\u00e0 pris en charge par les fournisseurs ? Quelles parties d\u2019une solution circulaire existent d\u00e9j\u00e0 ? <\/span><\/p>\n<p><span>Vos avantages :<\/span><\/p>\n<ul>\n<ul>\n<li><span>Connaissance des exigences futures des services d&rsquo;achats publics<\/span><\/li>\n<li><span>\u00c9change sectoriel d\u2019\u00e9gal \u00e0 \u00e9gal<\/span><\/li>\n<li><span>Potentiel de nouveaux partenariats et de collaborations compl\u00e9tant l\u2019offre<\/span><\/li>\n<\/ul>\n<\/ul>\n<p><span><b>Ensemble <\/b>: Que faut-il pour que les solutions circulaires soient davantage mises en \u0153uvre ?<\/span><\/p>\n<p><span>Vos avantages :<\/span><\/p>\n<ul>\n<ul>\n<li><span>Possibilit\u00e9 de participer \u00e0 l\u2019\u00e9laboration de la norme sur la mani\u00e8re dont les solutions circulaires seront demand\u00e9es \u00e0 l\u2019avenir dans les march\u00e9s publics.<\/span><\/li>\n<\/ul>\n<\/ul>\n<p><span>Le programme comprend, outre les contributions des pouvoirs publics et les projets r\u00e9ussis au moins deux heures de temps pour le dialogue accompagn\u00e9.<\/span><\/p>\n<p>[\/et_pb_text][et_pb_button url_new_window=\u00a0\u00bbon\u00a0\u00bb button_text=\u00a0\u00bbprogramme (suit)\u00a0\u00bb disabled_on=\u00a0\u00bbon|on|on\u00a0\u00bb _builder_version=\u00a0\u00bb4.27.4&Prime; _module_preset=\u00a0\u00bbdefault\u00a0\u00bb disabled=\u00a0\u00bbon\u00a0\u00bb global_colors_info=\u00a0\u00bb{}\u00a0\u00bb][\/et_pb_button][\/et_pb_column][\/et_pb_row][\/et_pb_section][et_pb_section fb_built=\u00a0\u00bb1&Prime; _builder_version=\u00a0\u00bb4.23.4&Prime; _module_preset=\u00a0\u00bbdefault\u00a0\u00bb global_colors_info=\u00a0\u00bb{}\u00a0\u00bb][et_pb_row _builder_version=\u00a0\u00bb4.23.4&Prime; _module_preset=\u00a0\u00bbdefault\u00a0\u00bb global_colors_info=\u00a0\u00bb{}\u00a0\u00bb][et_pb_column type=\u00a0\u00bb4_4&Prime; _builder_version=\u00a0\u00bb4.23.4&Prime; _module_preset=\u00a0\u00bbdefault\u00a0\u00bb global_colors_info=\u00a0\u00bb{}\u00a0\u00bb][et_pb_text _builder_version=\u00a0\u00bb4.23.4&Prime; _module_preset=\u00a0\u00bbdefault\u00a0\u00bb global_colors_info=\u00a0\u00bb{}\u00a0\u00bb]<\/p>\n<h2>Inscription<\/h2>\n<p>[\/et_pb_text][\/et_pb_column][\/et_pb_row][et_pb_row _builder_version=\u00a0\u00bb4.23.4&Prime; _module_preset=\u00a0\u00bbdefault\u00a0\u00bb global_colors_info=\u00a0\u00bb{}\u00a0\u00bb][et_pb_column type=\u00a0\u00bb4_4&Prime; _builder_version=\u00a0\u00bb4.23.4&Prime; _module_preset=\u00a0\u00bbdefault\u00a0\u00bb global_colors_info=\u00a0\u00bb{}\u00a0\u00bb][et_pb_code _builder_version=\u00a0\u00bb4.27.5&Prime; _module_preset=\u00a0\u00bbdefault\u00a0\u00bb global_colors_info=\u00a0\u00bb{}\u00a0\u00bb]<\/p>\n<div id=\"ticket-shop-616f\"><\/div>\n<p><script src=\"https:\/\/embed.ticketpark.ch\/v1\/?c=ticket-shop-616f&#038;p=616FC079-1801-4FCD-8B64-21133C2BC0E4\"&#038;l=fr><\/script>[\/et_pb_code][\/et_pb_column][\/et_pb_row][\/et_pb_section][et_pb_section fb_built=\u00a0\u00bb1&Prime; _builder_version=\u00a0\u00bb4.23.4&Prime; _module_preset=\u00a0\u00bbdefault\u00a0\u00bb background_color=\u00a0\u00bb#FAF7F2&Prime; global_colors_info=\u00a0\u00bb{}\u00a0\u00bb][et_pb_row column_structure=\u00a0\u00bb1_3,1_3,1_3&Prime; _builder_version=\u00a0\u00bb4.24.0&Prime; _module_preset=\u00a0\u00bbdefault\u00a0\u00bb background_color=\u00a0\u00bb#FAF7F2&Prime; global_colors_info=\u00a0\u00bb{}\u00a0\u00bb][et_pb_column type=\u00a0\u00bb1_3&Prime; _builder_version=\u00a0\u00bb4.24.0&Prime; _module_preset=\u00a0\u00bbdefault\u00a0\u00bb global_colors_info=\u00a0\u00bb{}\u00a0\u00bb][\/et_pb_column][et_pb_column type=\u00a0\u00bb1_3&Prime; _builder_version=\u00a0\u00bb4.24.0&Prime; _module_preset=\u00a0\u00bbdefault\u00a0\u00bb global_colors_info=\u00a0\u00bb{}\u00a0\u00bb][et_pb_image src=\u00a0\u00bbhttps:\/\/prozirkula.ch\/wp-content\/uploads\/2024\/01\/BAFU_f_RGB_pos_hoch.gif\u00a0\u00bb title_text=\u00a0\u00bbBAFU_f_RGB_pos_hoch\u00a0\u00bb _builder_version=\u00a0\u00bb4.27.5&Prime; _module_preset=\u00a0\u00bbdefault\u00a0\u00bb global_colors_info=\u00a0\u00bb{}\u00a0\u00bb][\/et_pb_image][\/et_pb_column][et_pb_column type=\u00a0\u00bb1_3&Prime; _builder_version=\u00a0\u00bb4.24.0&Prime; _module_preset=\u00a0\u00bbdefault\u00a0\u00bb global_colors_info=\u00a0\u00bb{}\u00a0\u00bb][\/et_pb_column][\/et_pb_row][\/et_pb_section]<\/p>\n","protected":false},"excerpt":{"rendered":"<p>Table ronde19 janvier 2027, 9h30 &#8211; 17h00 Aula Progr, BerneL\u2019offre rencontre la demande, et le dialogue est au c\u0153ur de cet \u00e9change. Nous souhaitons discuter avec vous de ce qu\u2019il faut pour mettre en \u0153uvre davantage de solutions circulaires. Le th\u00e8me pr\u00e9cis sera communiqu\u00e9 ult\u00e9rieurement. L\u2019\u00e9change est b\u00e9n\u00e9fique pour tous les acteurs du march\u00e9\u202f: Demande [&hellip;]<\/p>\n","protected":false},"author":7,"featured_media":0,"parent":0,"menu_order":0,"comment_status":"closed","ping_status":"closed","template":"","meta":{"_acf_changed":false,"_et_pb_use_builder":"on","_et_pb_old_content":"","_et_gb_content_width":"","inline_featured_image":false,"footnotes":""},"class_list":["post-9025","page","type-page","status-publish","hentry"],"acf":[],"yoast_head":"<!-- This site is optimized with the Yoast SEO plugin v27.4 - https:\/\/yoast.com\/product\/yoast-seo-wordpress\/ -->\n<title>Table ronde 2027 - Prozirkula<\/title>\n<meta name=\"description\" content=\"L\u2019offre et la demande discutent ensemble de ce qu\u2019il faut pour que davantage de solutions circulaires soient mises en \u0153uvre.\" \/>\n<meta name=\"robots\" content=\"index, follow, max-snippet:-1, max-image-preview:large, max-video-preview:-1\" \/>\n<link rel=\"canonical\" href=\"https:\/\/prozirkula.ch\/fr\/table-ronde-2027-2\/\" \/>\n<meta property=\"og:locale\" content=\"fr_FR\" \/>\n<meta property=\"og:type\" content=\"article\" \/>\n<meta property=\"og:title\" content=\"Table ronde 2027 - Prozirkula\" \/>\n<meta property=\"og:description\" content=\"L\u2019offre et la demande discutent ensemble de ce qu\u2019il faut pour que davantage de solutions circulaires soient mises en \u0153uvre.\" \/>\n<meta property=\"og:url\" content=\"https:\/\/prozirkula.ch\/fr\/table-ronde-2027-2\/\" \/>\n<meta property=\"og:site_name\" content=\"Prozirkula\" \/>\n<meta property=\"article:modified_time\" content=\"2026-02-26T08:26:40+00:00\" \/>\n<meta name=\"twitter:card\" content=\"summary_large_image\" \/>\n<meta name=\"twitter:label1\" content=\"Dur\u00e9e de lecture estim\u00e9e\" \/>\n\t<meta name=\"twitter:data1\" content=\"3 minutes\" \/>\n<script type=\"application\/ld+json\" class=\"yoast-schema-graph\">{\"@context\":\"https:\\\/\\\/schema.org\",\"@graph\":[{\"@type\":\"WebPage\",\"@id\":\"https:\\\/\\\/prozirkula.ch\\\/fr\\\/table-ronde-2027-2\\\/\",\"url\":\"https:\\\/\\\/prozirkula.ch\\\/fr\\\/table-ronde-2027-2\\\/\",\"name\":\"Table ronde 2027 - Prozirkula\",\"isPartOf\":{\"@id\":\"https:\\\/\\\/prozirkula.ch\\\/fr\\\/#website\"},\"datePublished\":\"2026-02-24T12:35:19+00:00\",\"dateModified\":\"2026-02-26T08:26:40+00:00\",\"description\":\"L\u2019offre et la demande discutent ensemble de ce qu\u2019il faut pour que davantage de solutions circulaires soient mises en \u0153uvre.\",\"breadcrumb\":{\"@id\":\"https:\\\/\\\/prozirkula.ch\\\/fr\\\/table-ronde-2027-2\\\/#breadcrumb\"},\"inLanguage\":\"fr-FR\",\"potentialAction\":[{\"@type\":\"ReadAction\",\"target\":[\"https:\\\/\\\/prozirkula.ch\\\/fr\\\/table-ronde-2027-2\\\/\"]}]},{\"@type\":\"BreadcrumbList\",\"@id\":\"https:\\\/\\\/prozirkula.ch\\\/fr\\\/table-ronde-2027-2\\\/#breadcrumb\",\"itemListElement\":[{\"@type\":\"ListItem\",\"position\":1,\"name\":\"Startseite\",\"item\":\"https:\\\/\\\/prozirkula.ch\\\/fr\\\/\"},{\"@type\":\"ListItem\",\"position\":2,\"name\":\"Table ronde 2027\"}]},{\"@type\":\"WebSite\",\"@id\":\"https:\\\/\\\/prozirkula.ch\\\/fr\\\/#website\",\"url\":\"https:\\\/\\\/prozirkula.ch\\\/fr\\\/\",\"name\":\"Prozirkula\",\"description\":\"Prozirkula \u2013 bringt Kreislaufwirtschaft in die \u00f6ffentliche Beschaffung\",\"potentialAction\":[{\"@type\":\"SearchAction\",\"target\":{\"@type\":\"EntryPoint\",\"urlTemplate\":\"https:\\\/\\\/prozirkula.ch\\\/fr\\\/?s={search_term_string}\"},\"query-input\":{\"@type\":\"PropertyValueSpecification\",\"valueRequired\":true,\"valueName\":\"search_term_string\"}}],\"inLanguage\":\"fr-FR\"}]}<\/script>\n<!-- \/ Yoast SEO plugin. -->","yoast_head_json":{"title":"Table ronde 2027 - Prozirkula","description":"L\u2019offre et la demande discutent ensemble de ce qu\u2019il faut pour que davantage de solutions circulaires soient mises en \u0153uvre.","robots":{"index":"index","follow":"follow","max-snippet":"max-snippet:-1","max-image-preview":"max-image-preview:large","max-video-preview":"max-video-preview:-1"},"canonical":"https:\/\/prozirkula.ch\/fr\/table-ronde-2027-2\/","og_locale":"fr_FR","og_type":"article","og_title":"Table ronde 2027 - Prozirkula","og_description":"L\u2019offre et la demande discutent ensemble de ce qu\u2019il faut pour que davantage de solutions circulaires soient mises en \u0153uvre.","og_url":"https:\/\/prozirkula.ch\/fr\/table-ronde-2027-2\/","og_site_name":"Prozirkula","article_modified_time":"2026-02-26T08:26:40+00:00","twitter_card":"summary_large_image","twitter_misc":{"Dur\u00e9e de lecture estim\u00e9e":"3 minutes"},"schema":{"@context":"https:\/\/schema.org","@graph":[{"@type":"WebPage","@id":"https:\/\/prozirkula.ch\/fr\/table-ronde-2027-2\/","url":"https:\/\/prozirkula.ch\/fr\/table-ronde-2027-2\/","name":"Table ronde 2027 - Prozirkula","isPartOf":{"@id":"https:\/\/prozirkula.ch\/fr\/#website"},"datePublished":"2026-02-24T12:35:19+00:00","dateModified":"2026-02-26T08:26:40+00:00","description":"L\u2019offre et la demande discutent ensemble de ce qu\u2019il faut pour que davantage de solutions circulaires soient mises en \u0153uvre.","breadcrumb":{"@id":"https:\/\/prozirkula.ch\/fr\/table-ronde-2027-2\/#breadcrumb"},"inLanguage":"fr-FR","potentialAction":[{"@type":"ReadAction","target":["https:\/\/prozirkula.ch\/fr\/table-ronde-2027-2\/"]}]},{"@type":"BreadcrumbList","@id":"https:\/\/prozirkula.ch\/fr\/table-ronde-2027-2\/#breadcrumb","itemListElement":[{"@type":"ListItem","position":1,"name":"Startseite","item":"https:\/\/prozirkula.ch\/fr\/"},{"@type":"ListItem","position":2,"name":"Table ronde 2027"}]},{"@type":"WebSite","@id":"https:\/\/prozirkula.ch\/fr\/#website","url":"https:\/\/prozirkula.ch\/fr\/","name":"Prozirkula","description":"Prozirkula \u2013 bringt Kreislaufwirtschaft in die \u00f6ffentliche Beschaffung","potentialAction":[{"@type":"SearchAction","target":{"@type":"EntryPoint","urlTemplate":"https:\/\/prozirkula.ch\/fr\/?s={search_term_string}"},"query-input":{"@type":"PropertyValueSpecification","valueRequired":true,"valueName":"search_term_string"}}],"inLanguage":"fr-FR"}]}},"_links":{"self":[{"href":"https:\/\/prozirkula.ch\/fr\/wp-json\/wp\/v2\/pages\/9025","targetHints":{"allow":["GET"]}}],"collection":[{"href":"https:\/\/prozirkula.ch\/fr\/wp-json\/wp\/v2\/pages"}],"about":[{"href":"https:\/\/prozirkula.ch\/fr\/wp-json\/wp\/v2\/types\/page"}],"author":[{"embeddable":true,"href":"https:\/\/prozirkula.ch\/fr\/wp-json\/wp\/v2\/users\/7"}],"replies":[{"embeddable":true,"href":"https:\/\/prozirkula.ch\/fr\/wp-json\/wp\/v2\/comments?post=9025"}],"version-history":[{"count":5,"href":"https:\/\/prozirkula.ch\/fr\/wp-json\/wp\/v2\/pages\/9025\/revisions"}],"predecessor-version":[{"id":9036,"href":"https:\/\/prozirkula.ch\/fr\/wp-json\/wp\/v2\/pages\/9025\/revisions\/9036"}],"wp:attachment":[{"href":"https:\/\/prozirkula.ch\/fr\/wp-json\/wp\/v2\/media?parent=9025"}],"curies":[{"name":"wp","href":"https:\/\/api.w.org\/{rel}","templated":true}]}}